{"id":1394,"date":"2024-11-05T18:03:09","date_gmt":"2024-11-05T17:03:09","guid":{"rendered":"https:\/\/cranecamera.eu\/?page_id=1394"},"modified":"2026-03-27T15:28:31","modified_gmt":"2026-03-27T14:28:31","slug":"uber-bcs-cranecamera","status":"publish","type":"page","link":"https:\/\/www.cranecamera.eu\/de\/uber-bcs-cranecamera\/","title":{"rendered":"\u00dcber BCS Cranecamera"},"content":{"rendered":"\n<section class=\"section white\">\n    <div class=\"container\" data-aos=\"fade-up\" data-aos-duration=\"500\">\n        \n\n<div class=\"wp-block-columns is-layout-flex wp-container-core-columns-is-layout-9d6595d7 wp-block-columns-is-layout-flex\">\n<div class=\"wp-block-column is-layout-flow wp-block-column-is-layout-flow\" style=\"flex-basis:15%\"><\/div>\n\n\n\n<div class=\"wp-block-column is-layout-flow wp-block-column-is-layout-flow\" style=\"flex-basis:70%\">\n<p class=\"has-large-font-size\">Auf Baustellen, im Umschlag und in der Industrie sind Krane unverzichtbar \u2013 ebenso wie die Maschinenf\u00fchrer, die sie bedienen. Ohne klare Sicht auf die Last und das Umfeld m\u00fcssen sie sich oft blind auf Kollegen verlassen \u2013 mit potenziell gef\u00e4hrlichen Situationen, Verz\u00f6gerungen und unn\u00f6tigen Kosten als Folge. Das will niemand \u2013 weder Sie noch Ihre Kunden.<\/p>\n\n\n\n<p>Stellen Sie sich stattdessen Folgendes vor: ein Profi, der sicher, komfortabel und effizient arbeitet \u2013 unabh\u00e4ngig und mit voller Kontrolle. Ausgestattet mit einem zus\u00e4tzlichen Paar Augen f\u00fcr jederzeit klare Sicht \u2013 damit er seine Aufgabe mit voller Sicherheit und Vertrauen ausf\u00fchren kann.<\/p>\n\n\n\n<p><strong>BCS Cranecamera bietet genau dieses zus\u00e4tzliche Paar Augen.<\/strong><\/p>\n<\/div>\n\n\n\n<div class=\"wp-block-column is-layout-flow wp-block-column-is-layout-flow\" style=\"flex-basis:15%\"><\/div>\n<\/div>\n\n\n\n<div style=\"height:20px\" aria-hidden=\"true\" class=\"wp-block-spacer\"><\/div>\n\n\n    <\/div>\n<\/section>\n\n\n<div class=\"wp-block-media-text is-stacked-on-mobile\"><figure class=\"wp-block-media-text__media\"><img loading=\"lazy\" decoding=\"async\" width=\"1024\" height=\"683\" src=\"https:\/\/cranecamera.eu\/wp-content\/uploads\/2024\/12\/BCS-Website-Inline-Images-9-1024x683.jpg\" alt=\"\" class=\"wp-image-878 size-full\" srcset=\"https:\/\/www.cranecamera.eu\/wp-content\/uploads\/2024\/12\/BCS-Website-Inline-Images-9-1024x683.jpg 1024w, https:\/\/www.cranecamera.eu\/wp-content\/uploads\/2024\/12\/BCS-Website-Inline-Images-9-300x200.jpg 300w, https:\/\/www.cranecamera.eu\/wp-content\/uploads\/2024\/12\/BCS-Website-Inline-Images-9-768x512.jpg 768w, https:\/\/www.cranecamera.eu\/wp-content\/uploads\/2024\/12\/BCS-Website-Inline-Images-9.jpg 1200w\" sizes=\"auto, (max-width: 1024px) 100vw, 1024px\" \/><\/figure><div class=\"wp-block-media-text__content\">\n<h2 class=\"wp-block-heading\">EXPERTISE AUS EIGENEM HAUS<\/h2>\n\n\n\n<p>Seit 2005 liefern wir BCS-Hublast-Kamerasysteme f\u00fcr eine <a href=\"https:\/\/cranecamera.eu\/de\/krane\">Vielzahl von Krantypen <\/a>\u2013 von mobilen Baukranen \u00fcber Bulkhandling- bis hin zu Br\u00fcckenkranen. <strong>Unsere Systeme werden in den Niederlanden entwickelt und produziert<\/strong> \u2013 mit umfassender Inhouse-Expertise, von der Konstruktion \u00fcber die Montage bis zur Installation. Das Ergebnis: Systeme in Spitzenqualit\u00e4t.<\/p>\n\n\n\n<p>Diese Systeme finden ihren Weg zu Unternehmen in <a href=\"https:\/\/www.cranecamera.eu\/de\/sektoren\/\">drei Schl\u00fcsselbranchen<\/a> \u2013 direkt oder \u00fcber unsere <a data-type=\"page\" data-id=\"1400\" href=\"https:\/\/cranecamera.eu\/de\/netzwerk\/\">Servicepartner und Vertriebspartner.<\/a><\/p>\n<\/div><\/div>\n\n\n\n<div style=\"height:100px\" aria-hidden=\"true\" class=\"wp-block-spacer\"><\/div>\n\n\n\n<div class=\"wp-block-media-text has-media-on-the-right is-stacked-on-mobile\"><div class=\"wp-block-media-text__content\">\n<h2 class=\"wp-block-heading\">EINZIGARTIGE SYSTEME, MODULARES DESIGN<\/h2>\n\n\n\n<p>Unsere Kamerasysteme zeichnen sich durch besondere Merkmale aus \u2013 etwa einen motorisierten Kamerastabilisator oder eine PV-Anlage, die 365 Tage im Jahr zuverl\u00e4ssig arbeitet. Dank des modularen Designs sind Reparaturen und Upgrades schnell und kosteneffizient durchzuf\u00fchren.<\/p>\n\n\n\n<p>Und das Beste: BCS-Kamerasysteme lassen sich problemlos in Systeme anderer Hersteller integrieren.<\/p>\n<\/div><figure class=\"wp-block-media-text__media\"><img loading=\"lazy\" decoding=\"async\" width=\"1024\" height=\"683\" src=\"https:\/\/cranecamera.eu\/wp-content\/uploads\/2024\/12\/BCS-Website-Inline-Images-6-1024x683.jpg\" alt=\"\" class=\"wp-image-466 size-full\" srcset=\"https:\/\/www.cranecamera.eu\/wp-content\/uploads\/2024\/12\/BCS-Website-Inline-Images-6-1024x683.jpg 1024w, https:\/\/www.cranecamera.eu\/wp-content\/uploads\/2024\/12\/BCS-Website-Inline-Images-6-300x200.jpg 300w, https:\/\/www.cranecamera.eu\/wp-content\/uploads\/2024\/12\/BCS-Website-Inline-Images-6-768x512.jpg 768w, https:\/\/www.cranecamera.eu\/wp-content\/uploads\/2024\/12\/BCS-Website-Inline-Images-6.jpg 1200w\" sizes=\"auto, (max-width: 1024px) 100vw, 1024px\" \/><\/figure><\/div>\n\n\n\n<div style=\"height:100px\" aria-hidden=\"true\" class=\"wp-block-spacer\"><\/div>\n\n\n\n<div class=\"wp-block-media-text is-stacked-on-mobile\"><figure class=\"wp-block-media-text__media\"><img loading=\"lazy\" decoding=\"async\" width=\"1024\" height=\"683\" src=\"https:\/\/cranecamera.eu\/wp-content\/uploads\/2024\/12\/BCS-Website-Inline-Images-11-1024x683.jpg\" alt=\"\" class=\"wp-image-882 size-full\" srcset=\"https:\/\/www.cranecamera.eu\/wp-content\/uploads\/2024\/12\/BCS-Website-Inline-Images-11-1024x683.jpg 1024w, https:\/\/www.cranecamera.eu\/wp-content\/uploads\/2024\/12\/BCS-Website-Inline-Images-11-300x200.jpg 300w, https:\/\/www.cranecamera.eu\/wp-content\/uploads\/2024\/12\/BCS-Website-Inline-Images-11-768x512.jpg 768w, https:\/\/www.cranecamera.eu\/wp-content\/uploads\/2024\/12\/BCS-Website-Inline-Images-11.jpg 1200w\" sizes=\"auto, (max-width: 1024px) 100vw, 1024px\" \/><\/figure><div class=\"wp-block-media-text__content\">\n<h2 class=\"wp-block-heading\">KLAR. DIREKT. ZUVERL\u00c4SSIG.<\/h2>\n\n\n\n<p>Mindestens genauso wichtig ist f\u00fcr uns die Qualit\u00e4t und Zuverl\u00e4ssigkeit unseres <a href=\"https:\/\/cranecamera.eu\/de\/service-support\/\" data-type=\"page\" data-id=\"1425\">Services<\/a>. Deshalb sind wir jederzeit und \u00fcberall f\u00fcr Sie da \u2013 mit einer pragmatischen Haltung, kurzen Wegen und vollem Einsatz.<\/p>\n\n\n\n<p><strong>Gemeinsam bringen wir Sicherheit auf ein neues Niveau.<\/strong><\/p>\n<\/div><\/div>\n\n\n\n<div style=\"height:76px\" aria-hidden=\"true\" class=\"wp-block-spacer\"><\/div>\n\n\n\n<section class=\"section section_contact_person\">\n    <div class=\"container\">\n        <div class=\"row\">\n            <div class=\"col-12 offset-0 col-xl-6 offset-xl-3\">\n                <span class=\"top\">Ihr BCS verkauf Ansprechpartner<\/span>\n                <h2>Wie k\u00f6nnen wir Sie unterst\u00fctzen?<\/h2>\n            <\/div>\n            <div class=\"col-12 offset-0 col-xl-6 offset-xl-3\">\n                <div class=\"contact_person\">\n                    <div class=\"image_placeholder\" style=\"background-image: url(https:\/\/www.cranecamera.eu\/wp-content\/uploads\/2026\/03\/BCS-Contact-Hugo-Schoenmaker.png);\"><\/div>\n                    <div class=\"text_placeholder\">\n                        <span class=\"name\">Hugo Schoenmaker<\/span>\n                        <span class=\"tel\"><a aria-label=\"call us\" href=\"tel:+31 (0)33 202 3019\">+31 (0)33 202 3019<\/a><\/span>\n                    <\/div>\n                <\/div>\n            <\/div>\n        <\/div>\n    <\/div>\n<\/section>","protected":false},"excerpt":{"rendered":"<p>EXPERTISE AUS EIGENEM HAUS Seit 2005 liefern wir BCS-Hublast-Kamerasysteme f\u00fcr eine Vielzahl von Krantypen \u2013 von mobilen Baukranen \u00fcber Bulkhandling- [&hellip;]<\/p>\n","protected":false},"author":2,"featured_media":575,"parent":0,"menu_order":0,"comment_status":"closed","ping_status":"closed","template":"","meta":{"_acf_changed":false,"inline_featured_image":false,"footnotes":""},"class_list":["post-1394","page","type-page","status-publish","has-post-thumbnail","hentry"],"acf":[],"yoast_head":"<!-- This site is optimized with the Yoast SEO plugin v27.4 - https:\/\/yoast.com\/product\/yoast-seo-wordpress\/ -->\n<title>\u00dcber BCS Cranecamera - BCS Cranecamera<\/title>\n<meta name=\"robots\" content=\"index, follow, max-snippet:-1, max-image-preview:large, max-video-preview:-1\" \/>\n<link rel=\"canonical\" href=\"https:\/\/www.cranecamera.eu\/de\/uber-bcs-cranecamera\/\" \/>\n<meta property=\"og:locale\" content=\"de_DE\" \/>\n<meta property=\"og:type\" content=\"article\" \/>\n<meta property=\"og:title\" content=\"\u00dcber BCS Cranecamera - BCS Cranecamera\" \/>\n<meta property=\"og:description\" content=\"EXPERTISE AUS EIGENEM HAUS Seit 2005 liefern wir BCS-Hublast-Kamerasysteme f\u00fcr eine Vielzahl von Krantypen \u2013 von mobilen Baukranen \u00fcber Bulkhandling- [&hellip;]\" \/>\n<meta property=\"og:url\" content=\"https:\/\/www.cranecamera.eu\/de\/uber-bcs-cranecamera\/\" \/>\n<meta property=\"og:site_name\" content=\"BCS Cranecamera\" \/>\n<meta property=\"article:modified_time\" content=\"2026-03-27T14:28:31+00:00\" \/>\n<meta property=\"og:image\" content=\"https:\/\/www.cranecamera.eu\/wp-content\/uploads\/2024\/12\/BCS-Website-Inline-Images-Swiss.jpg\" \/>\n\t<meta property=\"og:image:width\" content=\"1200\" \/>\n\t<meta property=\"og:image:height\" content=\"800\" \/>\n\t<meta property=\"og:image:type\" content=\"image\/jpeg\" \/>\n<meta name=\"twitter:card\" content=\"summary_large_image\" \/>\n<meta name=\"twitter:label1\" content=\"Gesch\u00e4tzte Lesezeit\" \/>\n\t<meta name=\"twitter:data1\" content=\"2\u00a0Minuten\" \/>\n<script type=\"application\/ld+json\" class=\"yoast-schema-graph\">{\"@context\":\"https:\\\/\\\/schema.org\",\"@graph\":[{\"@type\":\"WebPage\",\"@id\":\"https:\\\/\\\/www.cranecamera.eu\\\/de\\\/uber-bcs-cranecamera\\\/\",\"url\":\"https:\\\/\\\/www.cranecamera.eu\\\/de\\\/uber-bcs-cranecamera\\\/\",\"name\":\"\u00dcber BCS Cranecamera - BCS Cranecamera\",\"isPartOf\":{\"@id\":\"https:\\\/\\\/www.cranecamera.eu\\\/#website\"},\"primaryImageOfPage\":{\"@id\":\"https:\\\/\\\/www.cranecamera.eu\\\/de\\\/uber-bcs-cranecamera\\\/#primaryimage\"},\"image\":{\"@id\":\"https:\\\/\\\/www.cranecamera.eu\\\/de\\\/uber-bcs-cranecamera\\\/#primaryimage\"},\"thumbnailUrl\":\"https:\\\/\\\/www.cranecamera.eu\\\/wp-content\\\/uploads\\\/2024\\\/12\\\/BCS-Website-Inline-Images-Swiss.jpg\",\"datePublished\":\"2024-11-05T17:03:09+00:00\",\"dateModified\":\"2026-03-27T14:28:31+00:00\",\"breadcrumb\":{\"@id\":\"https:\\\/\\\/www.cranecamera.eu\\\/de\\\/uber-bcs-cranecamera\\\/#breadcrumb\"},\"inLanguage\":\"de\",\"potentialAction\":[{\"@type\":\"ReadAction\",\"target\":[\"https:\\\/\\\/www.cranecamera.eu\\\/de\\\/uber-bcs-cranecamera\\\/\"]}]},{\"@type\":\"ImageObject\",\"inLanguage\":\"de\",\"@id\":\"https:\\\/\\\/www.cranecamera.eu\\\/de\\\/uber-bcs-cranecamera\\\/#primaryimage\",\"url\":\"https:\\\/\\\/www.cranecamera.eu\\\/wp-content\\\/uploads\\\/2024\\\/12\\\/BCS-Website-Inline-Images-Swiss.jpg\",\"contentUrl\":\"https:\\\/\\\/www.cranecamera.eu\\\/wp-content\\\/uploads\\\/2024\\\/12\\\/BCS-Website-Inline-Images-Swiss.jpg\",\"width\":1200,\"height\":800},{\"@type\":\"BreadcrumbList\",\"@id\":\"https:\\\/\\\/www.cranecamera.eu\\\/de\\\/uber-bcs-cranecamera\\\/#breadcrumb\",\"itemListElement\":[{\"@type\":\"ListItem\",\"position\":1,\"name\":\"Home\",\"item\":\"https:\\\/\\\/www.cranecamera.eu\\\/de\\\/\"},{\"@type\":\"ListItem\",\"position\":2,\"name\":\"\u00dcber BCS Cranecamera\"}]},{\"@type\":\"WebSite\",\"@id\":\"https:\\\/\\\/www.cranecamera.eu\\\/#website\",\"url\":\"https:\\\/\\\/www.cranecamera.eu\\\/\",\"name\":\"BCS Cranecamera\",\"description\":\"Elevating safety together\",\"potentialAction\":[{\"@type\":\"SearchAction\",\"target\":{\"@type\":\"EntryPoint\",\"urlTemplate\":\"https:\\\/\\\/www.cranecamera.eu\\\/?s={search_term_string}\"},\"query-input\":{\"@type\":\"PropertyValueSpecification\",\"valueRequired\":true,\"valueName\":\"search_term_string\"}}],\"inLanguage\":\"de\"}]}<\/script>\n<!-- \/ Yoast SEO plugin. -->","yoast_head_json":{"title":"\u00dcber BCS Cranecamera - BCS Cranecamera","robots":{"index":"index","follow":"follow","max-snippet":"max-snippet:-1","max-image-preview":"max-image-preview:large","max-video-preview":"max-video-preview:-1"},"canonical":"https:\/\/www.cranecamera.eu\/de\/uber-bcs-cranecamera\/","og_locale":"de_DE","og_type":"article","og_title":"\u00dcber BCS Cranecamera - BCS Cranecamera","og_description":"EXPERTISE AUS EIGENEM HAUS Seit 2005 liefern wir BCS-Hublast-Kamerasysteme f\u00fcr eine Vielzahl von Krantypen \u2013 von mobilen Baukranen \u00fcber Bulkhandling- [&hellip;]","og_url":"https:\/\/www.cranecamera.eu\/de\/uber-bcs-cranecamera\/","og_site_name":"BCS Cranecamera","article_modified_time":"2026-03-27T14:28:31+00:00","og_image":[{"width":1200,"height":800,"url":"https:\/\/www.cranecamera.eu\/wp-content\/uploads\/2024\/12\/BCS-Website-Inline-Images-Swiss.jpg","type":"image\/jpeg"}],"twitter_card":"summary_large_image","twitter_misc":{"Gesch\u00e4tzte Lesezeit":"2\u00a0Minuten"},"schema":{"@context":"https:\/\/schema.org","@graph":[{"@type":"WebPage","@id":"https:\/\/www.cranecamera.eu\/de\/uber-bcs-cranecamera\/","url":"https:\/\/www.cranecamera.eu\/de\/uber-bcs-cranecamera\/","name":"\u00dcber BCS Cranecamera - BCS Cranecamera","isPartOf":{"@id":"https:\/\/www.cranecamera.eu\/#website"},"primaryImageOfPage":{"@id":"https:\/\/www.cranecamera.eu\/de\/uber-bcs-cranecamera\/#primaryimage"},"image":{"@id":"https:\/\/www.cranecamera.eu\/de\/uber-bcs-cranecamera\/#primaryimage"},"thumbnailUrl":"https:\/\/www.cranecamera.eu\/wp-content\/uploads\/2024\/12\/BCS-Website-Inline-Images-Swiss.jpg","datePublished":"2024-11-05T17:03:09+00:00","dateModified":"2026-03-27T14:28:31+00:00","breadcrumb":{"@id":"https:\/\/www.cranecamera.eu\/de\/uber-bcs-cranecamera\/#breadcrumb"},"inLanguage":"de","potentialAction":[{"@type":"ReadAction","target":["https:\/\/www.cranecamera.eu\/de\/uber-bcs-cranecamera\/"]}]},{"@type":"ImageObject","inLanguage":"de","@id":"https:\/\/www.cranecamera.eu\/de\/uber-bcs-cranecamera\/#primaryimage","url":"https:\/\/www.cranecamera.eu\/wp-content\/uploads\/2024\/12\/BCS-Website-Inline-Images-Swiss.jpg","contentUrl":"https:\/\/www.cranecamera.eu\/wp-content\/uploads\/2024\/12\/BCS-Website-Inline-Images-Swiss.jpg","width":1200,"height":800},{"@type":"BreadcrumbList","@id":"https:\/\/www.cranecamera.eu\/de\/uber-bcs-cranecamera\/#breadcrumb","itemListElement":[{"@type":"ListItem","position":1,"name":"Home","item":"https:\/\/www.cranecamera.eu\/de\/"},{"@type":"ListItem","position":2,"name":"\u00dcber BCS Cranecamera"}]},{"@type":"WebSite","@id":"https:\/\/www.cranecamera.eu\/#website","url":"https:\/\/www.cranecamera.eu\/","name":"BCS Cranecamera","description":"Elevating safety together","potentialAction":[{"@type":"SearchAction","target":{"@type":"EntryPoint","urlTemplate":"https:\/\/www.cranecamera.eu\/?s={search_term_string}"},"query-input":{"@type":"PropertyValueSpecification","valueRequired":true,"valueName":"search_term_string"}}],"inLanguage":"de"}]}},"_links":{"self":[{"href":"https:\/\/www.cranecamera.eu\/de\/wp-json\/wp\/v2\/pages\/1394","targetHints":{"allow":["GET"]}}],"collection":[{"href":"https:\/\/www.cranecamera.eu\/de\/wp-json\/wp\/v2\/pages"}],"about":[{"href":"https:\/\/www.cranecamera.eu\/de\/wp-json\/wp\/v2\/types\/page"}],"author":[{"embeddable":true,"href":"https:\/\/www.cranecamera.eu\/de\/wp-json\/wp\/v2\/users\/2"}],"replies":[{"embeddable":true,"href":"https:\/\/www.cranecamera.eu\/de\/wp-json\/wp\/v2\/comments?post=1394"}],"version-history":[{"count":6,"href":"https:\/\/www.cranecamera.eu\/de\/wp-json\/wp\/v2\/pages\/1394\/revisions"}],"predecessor-version":[{"id":2868,"href":"https:\/\/www.cranecamera.eu\/de\/wp-json\/wp\/v2\/pages\/1394\/revisions\/2868"}],"wp:featuredmedia":[{"embeddable":true,"href":"https:\/\/www.cranecamera.eu\/de\/wp-json\/wp\/v2\/media\/575"}],"wp:attachment":[{"href":"https:\/\/www.cranecamera.eu\/de\/wp-json\/wp\/v2\/media?parent=1394"}],"curies":[{"name":"wp","href":"https:\/\/api.w.org\/{rel}","templated":true}]}}