{"id":1403,"date":"2024-11-06T13:38:55","date_gmt":"2024-11-06T13:38:55","guid":{"rendered":"https:\/\/cranecamera.eu\/?page_id=1403"},"modified":"2025-03-31T12:32:20","modified_gmt":"2025-03-31T12:32:20","slug":"disclaimer","status":"publish","type":"page","link":"https:\/\/www.cranecamera.eu\/de\/disclaimer\/","title":{"rendered":"Disclaimer"},"content":{"rendered":"\n<p>Durch die Nutzung der Website von BCS Cranecamera oder den Kauf bzw. die Verwendung von Produkten von BCS Cranecamera erkennen Sie die folgenden Bedingungen an und stimmen diesen zu. Wenn Sie diesen Bedingungen nicht zustimmen, nutzen Sie bitte weder unsere Website noch unsere Produkte.<\/p>\n\n\n\n<h3 class=\"wp-block-heading\"><br>Nutzung der Website<\/h3>\n\n\n\n<p>BCS Cranecamera \u00fcbernimmt keine Garantie daf\u00fcr, dass die Funktionen auf dieser Website fehlerfrei oder unterbrechungsfrei zur Verf\u00fcgung stehen, dass die Inhalte zuverl\u00e4ssig, genau oder korrekt sind oder dass diese Website oder der Server, der sie bereitstellt, frei von Viren oder anderen sch\u00e4dlichen Komponenten ist.<\/p>\n\n\n\n<p>Die \u00fcber die Website von BCS Cranecamera bereitgestellten Materialien, Dienstleistungen, Produkte und Informationen (einschlie\u00dflich technischer Datenbl\u00e4tter, Handb\u00fccher, Whitepapers etc.) werden \u201ewie gesehen\u201c und ohne jegliche ausdr\u00fcckliche oder stillschweigende Gew\u00e4hrleistung bereitgestellt. Soweit gesetzlich zul\u00e4ssig, lehnt BCS Cranecamera alle Gew\u00e4hrleistungen \u2013 ausdr\u00fccklich oder stillschweigend \u2013 ab.<\/p>\n\n\n\n<p>In keinem Fall haften BCS Cranecamera oder seine verbundenen Unternehmen, Tochtergesellschaften, Muttergesellschaften oder sonstige beteiligte Parteien, die an der Erstellung, Produktion oder Bereitstellung dieser Website beteiligt sind, f\u00fcr direkte, besondere, zuf\u00e4llige, indirekte, Folge- oder Strafsch\u00e4den oder f\u00fcr Verluste, Aufwendungen oder Verletzungen jeglicher Art, die sich aus der Nutzung, dem Zugriff oder der Unm\u00f6glichkeit der Nutzung der auf dieser Website enthaltenen Informationen ergeben oder damit in Zusammenhang stehen \u2013 unabh\u00e4ngig davon, ob die Ursache in einer Vertragsverletzung, Fahrl\u00e4ssigkeit, unerlaubten Handlung, gesetzlichen Vorschrift oder sonstiger rechtlicher Grundlage liegt.<\/p>\n\n\n\n<p>Die Inhalte dieser Website k\u00f6nnen technische Ungenauigkeiten oder typografische Fehler enthalten. \u00c4nderungen an den Inhalten k\u00f6nnen jederzeit ohne vorherige Ank\u00fcndigung vorgenommen werden.<\/p>\n\n\n\n<h3 class=\"wp-block-heading\"><br>Aufzeichnung, Datenschutz &amp; Sicherheit<\/h3>\n\n\n\n<p>Produkte von BCS Cranecamera mit Aufzeichnungs- und Fernzugriffsfunktionen wurden entwickelt, um die \u00dcberwachung von Hebevorg\u00e4ngen, die Sicherheit sowie die betriebliche Effizienz zu verbessern. Mit dem Kauf dieser Produkte erkennen Kunden die folgenden Bedingungen an:<\/p>\n\n\n\n<h3 class=\"wp-block-heading\"><br>Datenschutz und Datenverarbeitung<\/h3>\n\n\n\n<ul class=\"wp-block-list\">\n<li>BCS Cranecamera legt gro\u00dfen Wert auf Datenschutz und Datensicherheit. Kunden sind jedoch selbst daf\u00fcr verantwortlich, bei der Nutzung unserer Produkte alle geltenden Datenschutzgesetze einzuhalten.<\/li>\n\n\n\n<li>Nutzer sind verpflichtet, betroffene Personen, die m\u00f6glicherweise aufgezeichnet werden, gem\u00e4\u00df den jeweiligen lokalen, nationalen oder internationalen Vorschriften zu informieren.<\/li>\n<\/ul>\n\n\n\n<h3 class=\"wp-block-heading\"><br>Kontoverwaltung<\/h3>\n\n\n\n<ul class=\"wp-block-list\">\n<li>Kunden sind allein verantwortlich f\u00fcr die Absicherung aller registrierten Benutzerkonten, die mit den Fernzugriffseinheiten verkn\u00fcpft sind.<\/li>\n\n\n\n<li>Es m\u00fcssen starke, eindeutige Passw\u00f6rter verwendet werden, und Zugriffsrechte d\u00fcrfen nur an autorisiertes Personal vergeben werden.<\/li>\n\n\n\n<li>Der Zugriff f\u00fcr inaktive oder unbefugte Nutzer muss umgehend entzogen werden.<\/li>\n<\/ul>\n\n\n\n<h3 class=\"wp-block-heading\"><br>Unbefugter Zugriff<\/h3>\n\n\n\n<ul class=\"wp-block-list\">\n<li>Obwohl BCS Cranecamera Sicherheitsma\u00dfnahmen implementiert, ist kein System vollst\u00e4ndig gegen unbefugten Zugriff oder Hackerangriffe gesch\u00fctzt.<\/li>\n\n\n\n<li>Kunden sollten zus\u00e4tzliche Schutzma\u00dfnahmen wie sichere Netzwerkkonfigurationen und regelm\u00e4\u00dfige System\u00fcberwachung einrichten.<\/li>\n<\/ul>\n\n\n\n<h3 class=\"wp-block-heading\"><br>Verantwortung f\u00fcr Rechtskonformit\u00e4t<\/h3>\n\n\n\n<ul class=\"wp-block-list\">\n<li>Kunden sind daf\u00fcr verantwortlich, sicherzustellen, dass der Einsatz von Kamerasystemen und Fernzugriffseinheiten mit allen geltenden Datenschutz-, \u00dcberwachungs- und Datenerhebungsgesetzen \u00fcbereinstimmt.<\/li>\n\n\n\n<li>BCS Cranecamera \u00fcbernimmt keine Haftung f\u00fcr Verst\u00f6\u00dfe gegen rechtliche oder beh\u00f6rdliche Vorschriften, die durch unsachgem\u00e4\u00dfe oder rechtswidrige Nutzung der Ger\u00e4te entstehen.<\/li>\n<\/ul>\n\n\n\n<h3 class=\"wp-block-heading\"><br>Servicezugriff<\/h3>\n\n\n\n<ul class=\"wp-block-list\">\n<li>Der Fernzugriff durch BCS Cranecamera erfolgt ausschlie\u00dflich zu Wartungs- und Servicezwecken.<\/li>\n<\/ul>\n\n\n\n<h3 class=\"wp-block-heading\"><br>Datenverwaltung und \u00dcberwachung<\/h3>\n\n\n\n<ul class=\"wp-block-list\">\n<li>Kunden sind f\u00fcr die Verwaltung s\u00e4mtlicher aufgezeichneter Daten \u2013 einschlie\u00dflich Videomaterial \u2013 sowie f\u00fcr deren sichere Speicherung und Zugriffskontrolle verantwortlich.<\/li>\n\n\n\n<li>Es wird empfohlen, regelm\u00e4\u00dfig die Zugriffsprotokolle zu \u00fcberpr\u00fcfen, um unerlaubte Nutzung fr\u00fchzeitig zu erkennen.<\/li>\n<\/ul>\n\n\n\n<p>Diese Erkl\u00e4rung kann jederzeit ohne vorherige Ank\u00fcndigung ge\u00e4ndert werden. Bei Fragen wenden Sie sich bitte an unser Support-Team.<\/p>\n\n\n\n<div style=\"height:100px;width:0px\" aria-hidden=\"true\" class=\"wp-block-spacer\"><\/div>\n\n\n\n<p><\/p>\n","protected":false},"excerpt":{"rendered":"<p>Durch die Nutzung der Website von BCS Cranecamera oder den Kauf bzw. die Verwendung von Produkten von BCS Cranecamera erkennen [&hellip;]<\/p>\n","protected":false},"author":2,"featured_media":0,"parent":0,"menu_order":0,"comment_status":"closed","ping_status":"closed","template":"","meta":{"_acf_changed":false,"inline_featured_image":false,"footnotes":""},"class_list":["post-1403","page","type-page","status-publish","hentry"],"acf":[],"yoast_head":"<!-- This site is optimized with the Yoast SEO plugin v27.5 - https:\/\/yoast.com\/product\/yoast-seo-wordpress\/ -->\n<title>Disclaimer - BCS Cranecamera<\/title>\n<meta name=\"robots\" content=\"index, follow, max-snippet:-1, max-image-preview:large, max-video-preview:-1\" \/>\n<link rel=\"canonical\" href=\"https:\/\/www.cranecamera.eu\/de\/disclaimer\/\" \/>\n<meta property=\"og:locale\" content=\"de_DE\" \/>\n<meta property=\"og:type\" content=\"article\" \/>\n<meta property=\"og:title\" content=\"Disclaimer - BCS Cranecamera\" \/>\n<meta property=\"og:description\" content=\"Durch die Nutzung der Website von BCS Cranecamera oder den Kauf bzw. die Verwendung von Produkten von BCS Cranecamera erkennen [&hellip;]\" \/>\n<meta property=\"og:url\" content=\"https:\/\/www.cranecamera.eu\/de\/disclaimer\/\" \/>\n<meta property=\"og:site_name\" content=\"BCS Cranecamera\" \/>\n<meta property=\"article:modified_time\" content=\"2025-03-31T12:32:20+00:00\" \/>\n<meta name=\"twitter:card\" content=\"summary_large_image\" \/>\n<meta name=\"twitter:label1\" content=\"Gesch\u00e4tzte Lesezeit\" \/>\n\t<meta name=\"twitter:data1\" content=\"3\u00a0Minuten\" \/>\n<script type=\"application\/ld+json\" class=\"yoast-schema-graph\">{\"@context\":\"https:\\\/\\\/schema.org\",\"@graph\":[{\"@type\":\"WebPage\",\"@id\":\"https:\\\/\\\/www.cranecamera.eu\\\/de\\\/disclaimer\\\/\",\"url\":\"https:\\\/\\\/www.cranecamera.eu\\\/de\\\/disclaimer\\\/\",\"name\":\"Disclaimer - BCS Cranecamera\",\"isPartOf\":{\"@id\":\"https:\\\/\\\/www.cranecamera.eu\\\/#website\"},\"datePublished\":\"2024-11-06T13:38:55+00:00\",\"dateModified\":\"2025-03-31T12:32:20+00:00\",\"breadcrumb\":{\"@id\":\"https:\\\/\\\/www.cranecamera.eu\\\/de\\\/disclaimer\\\/#breadcrumb\"},\"inLanguage\":\"de\",\"potentialAction\":[{\"@type\":\"ReadAction\",\"target\":[\"https:\\\/\\\/www.cranecamera.eu\\\/de\\\/disclaimer\\\/\"]}]},{\"@type\":\"BreadcrumbList\",\"@id\":\"https:\\\/\\\/www.cranecamera.eu\\\/de\\\/disclaimer\\\/#breadcrumb\",\"itemListElement\":[{\"@type\":\"ListItem\",\"position\":1,\"name\":\"Home\",\"item\":\"https:\\\/\\\/www.cranecamera.eu\\\/de\\\/\"},{\"@type\":\"ListItem\",\"position\":2,\"name\":\"Disclaimer\"}]},{\"@type\":\"WebSite\",\"@id\":\"https:\\\/\\\/www.cranecamera.eu\\\/#website\",\"url\":\"https:\\\/\\\/www.cranecamera.eu\\\/\",\"name\":\"BCS Cranecamera\",\"description\":\"Elevating safety together\",\"potentialAction\":[{\"@type\":\"SearchAction\",\"target\":{\"@type\":\"EntryPoint\",\"urlTemplate\":\"https:\\\/\\\/www.cranecamera.eu\\\/?s={search_term_string}\"},\"query-input\":{\"@type\":\"PropertyValueSpecification\",\"valueRequired\":true,\"valueName\":\"search_term_string\"}}],\"inLanguage\":\"de\"}]}<\/script>\n<!-- \/ Yoast SEO plugin. -->","yoast_head_json":{"title":"Disclaimer - BCS Cranecamera","robots":{"index":"index","follow":"follow","max-snippet":"max-snippet:-1","max-image-preview":"max-image-preview:large","max-video-preview":"max-video-preview:-1"},"canonical":"https:\/\/www.cranecamera.eu\/de\/disclaimer\/","og_locale":"de_DE","og_type":"article","og_title":"Disclaimer - BCS Cranecamera","og_description":"Durch die Nutzung der Website von BCS Cranecamera oder den Kauf bzw. die Verwendung von Produkten von BCS Cranecamera erkennen [&hellip;]","og_url":"https:\/\/www.cranecamera.eu\/de\/disclaimer\/","og_site_name":"BCS Cranecamera","article_modified_time":"2025-03-31T12:32:20+00:00","twitter_card":"summary_large_image","twitter_misc":{"Gesch\u00e4tzte Lesezeit":"3\u00a0Minuten"},"schema":{"@context":"https:\/\/schema.org","@graph":[{"@type":"WebPage","@id":"https:\/\/www.cranecamera.eu\/de\/disclaimer\/","url":"https:\/\/www.cranecamera.eu\/de\/disclaimer\/","name":"Disclaimer - BCS Cranecamera","isPartOf":{"@id":"https:\/\/www.cranecamera.eu\/#website"},"datePublished":"2024-11-06T13:38:55+00:00","dateModified":"2025-03-31T12:32:20+00:00","breadcrumb":{"@id":"https:\/\/www.cranecamera.eu\/de\/disclaimer\/#breadcrumb"},"inLanguage":"de","potentialAction":[{"@type":"ReadAction","target":["https:\/\/www.cranecamera.eu\/de\/disclaimer\/"]}]},{"@type":"BreadcrumbList","@id":"https:\/\/www.cranecamera.eu\/de\/disclaimer\/#breadcrumb","itemListElement":[{"@type":"ListItem","position":1,"name":"Home","item":"https:\/\/www.cranecamera.eu\/de\/"},{"@type":"ListItem","position":2,"name":"Disclaimer"}]},{"@type":"WebSite","@id":"https:\/\/www.cranecamera.eu\/#website","url":"https:\/\/www.cranecamera.eu\/","name":"BCS Cranecamera","description":"Elevating safety together","potentialAction":[{"@type":"SearchAction","target":{"@type":"EntryPoint","urlTemplate":"https:\/\/www.cranecamera.eu\/?s={search_term_string}"},"query-input":{"@type":"PropertyValueSpecification","valueRequired":true,"valueName":"search_term_string"}}],"inLanguage":"de"}]}},"_links":{"self":[{"href":"https:\/\/www.cranecamera.eu\/de\/wp-json\/wp\/v2\/pages\/1403","targetHints":{"allow":["GET"]}}],"collection":[{"href":"https:\/\/www.cranecamera.eu\/de\/wp-json\/wp\/v2\/pages"}],"about":[{"href":"https:\/\/www.cranecamera.eu\/de\/wp-json\/wp\/v2\/types\/page"}],"author":[{"embeddable":true,"href":"https:\/\/www.cranecamera.eu\/de\/wp-json\/wp\/v2\/users\/2"}],"replies":[{"embeddable":true,"href":"https:\/\/www.cranecamera.eu\/de\/wp-json\/wp\/v2\/comments?post=1403"}],"version-history":[{"count":3,"href":"https:\/\/www.cranecamera.eu\/de\/wp-json\/wp\/v2\/pages\/1403\/revisions"}],"predecessor-version":[{"id":1570,"href":"https:\/\/www.cranecamera.eu\/de\/wp-json\/wp\/v2\/pages\/1403\/revisions\/1570"}],"wp:attachment":[{"href":"https:\/\/www.cranecamera.eu\/de\/wp-json\/wp\/v2\/media?parent=1403"}],"curies":[{"name":"wp","href":"https:\/\/api.w.org\/{rel}","templated":true}]}}