{"id":1411,"date":"2024-11-06T08:07:58","date_gmt":"2024-11-06T08:07:58","guid":{"rendered":"https:\/\/cranecamera.eu\/?page_id=1411"},"modified":"2025-03-26T13:58:38","modified_gmt":"2025-03-26T13:58:38","slug":"bauwesen","status":"publish","type":"page","link":"https:\/\/www.cranecamera.eu\/de\/sektoren\/bauwesen\/","title":{"rendered":"Bauwesen"},"content":{"rendered":"\n<section class=\"section white\">\n    <div class=\"container\" data-aos=\"fade-up\" data-aos-duration=\"500\">\n        \n\n<div class=\"wp-block-columns is-layout-flex wp-container-core-columns-is-layout-9d6595d7 wp-block-columns-is-layout-flex\">\n<div class=\"wp-block-column is-layout-flow wp-block-column-is-layout-flow\" style=\"flex-basis:15%\"><\/div>\n\n\n\n<div class=\"wp-block-column is-layout-flow wp-block-column-is-layout-flow\" style=\"flex-basis:70%\">\n<p class=\"has-large-font-size\">Gro\u00dfprojekte wie B\u00fcrogeb\u00e4ude, hochwertige Wohnanlagen, Br\u00fccken oder andere Infrastrukturen m\u00fcssen termingerecht, im Budget und ohne Sicherheitsrisiken realisiert werden. Doch eingeschr\u00e4nkte Sichtverh\u00e4ltnisse f\u00fchren immer noch h\u00e4ufig zu gef\u00e4hrlichen Situationen, Verz\u00f6gerungen und unn\u00f6tigen Kosten.<\/p>\n\n\n\n<p>Aber stellen Sie sich Folgendes vor: ein Profi, der sicher, komfortabel und effizient arbeitet \u2013 unabh\u00e4ngig von anderen. Ausgestattet mit einem zus\u00e4tzlichen Augenpaar f\u00fcr stets klare Sicht, damit er mit voller Kontrolle und Vertrauen ans Werk gehen kann.<\/p>\n\n\n\n<p><strong>BCS Cranecamera bietet genau dieses zus\u00e4tzliche Augenpaar.<\/strong><\/p>\n<\/div>\n\n\n\n<div class=\"wp-block-column is-layout-flow wp-block-column-is-layout-flow\" style=\"flex-basis:15%\"><\/div>\n<\/div>\n\n\n    <\/div>\n<\/section>\n\n\n<div class=\"wp-block-media-text is-stacked-on-mobile\"><figure class=\"wp-block-media-text__media\"><img loading=\"lazy\" decoding=\"async\" width=\"1024\" height=\"683\" src=\"https:\/\/cranecamera.eu\/wp-content\/uploads\/2025\/01\/BCS-Website-Inline-Images-Bouw-2-1-1024x683.jpg\" alt=\"\" class=\"wp-image-1013 size-full\" srcset=\"https:\/\/www.cranecamera.eu\/wp-content\/uploads\/2025\/01\/BCS-Website-Inline-Images-Bouw-2-1-1024x683.jpg 1024w, https:\/\/www.cranecamera.eu\/wp-content\/uploads\/2025\/01\/BCS-Website-Inline-Images-Bouw-2-1-300x200.jpg 300w, https:\/\/www.cranecamera.eu\/wp-content\/uploads\/2025\/01\/BCS-Website-Inline-Images-Bouw-2-1-768x512.jpg 768w, https:\/\/www.cranecamera.eu\/wp-content\/uploads\/2025\/01\/BCS-Website-Inline-Images-Bouw-2-1.jpg 1200w\" sizes=\"auto, (max-width: 1024px) 100vw, 1024px\" \/><\/figure><div class=\"wp-block-media-text__content\">\n<h2 class=\"wp-block-heading\">KAMERASYSTEME F\u00dcR BAUKRANE<\/h2>\n\n\n\n<p>BCS bietet vielseitige Kamerasysteme f\u00fcr <a href=\"\/de\/krane\">nahezu jeden Baukrantyp<\/a> \u2013 mit einzigartigen Funktionen wie einem motorisierten Kamerastabilisator oder einer PV-Anlage f\u00fcr den ganzj\u00e4hrigen Einsatz.<\/p>\n\n\n\n<p>Das modulare Design erm\u00f6glicht schnelle, kosteneffiziente Reparaturen und Upgrades. Zudem lassen sich BCS-Kamerasysteme problemlos in bestehende Systeme anderer Hersteller integrieren.<\/p>\n<\/div><\/div>\n\n\n\n<div style=\"height:90px\" aria-hidden=\"true\" class=\"wp-block-spacer\"><\/div>\n\n\n\n<p><\/p>\n","protected":false},"excerpt":{"rendered":"<p>KAMERASYSTEME F\u00dcR BAUKRANE BCS bietet vielseitige Kamerasysteme f\u00fcr nahezu jeden Baukrantyp \u2013 mit einzigartigen Funktionen wie einem motorisierten Kamerastabilisator oder [&hellip;]<\/p>\n","protected":false},"author":2,"featured_media":773,"parent":1409,"menu_order":0,"comment_status":"closed","ping_status":"closed","template":"","meta":{"_acf_changed":false,"inline_featured_image":false,"footnotes":""},"class_list":["post-1411","page","type-page","status-publish","has-post-thumbnail","hentry"],"acf":[],"yoast_head":"<!-- This site is optimized with the Yoast SEO plugin v27.3 - https:\/\/yoast.com\/product\/yoast-seo-wordpress\/ -->\n<title>Bauwesen - BCS Cranecamera<\/title>\n<meta name=\"robots\" content=\"index, follow, max-snippet:-1, max-image-preview:large, max-video-preview:-1\" \/>\n<link rel=\"canonical\" href=\"https:\/\/www.cranecamera.eu\/de\/sektoren\/bauwesen\/\" \/>\n<meta property=\"og:locale\" content=\"de_DE\" \/>\n<meta property=\"og:type\" content=\"article\" \/>\n<meta property=\"og:title\" content=\"Bauwesen - BCS Cranecamera\" \/>\n<meta property=\"og:description\" content=\"KAMERASYSTEME F\u00dcR BAUKRANE BCS bietet vielseitige Kamerasysteme f\u00fcr nahezu jeden Baukrantyp \u2013 mit einzigartigen Funktionen wie einem motorisierten Kamerastabilisator oder [&hellip;]\" \/>\n<meta property=\"og:url\" content=\"https:\/\/www.cranecamera.eu\/de\/sektoren\/bauwesen\/\" \/>\n<meta property=\"og:site_name\" content=\"BCS Cranecamera\" \/>\n<meta property=\"article:modified_time\" content=\"2025-03-26T13:58:38+00:00\" \/>\n<meta property=\"og:image\" content=\"https:\/\/www.cranecamera.eu\/wp-content\/uploads\/2024\/12\/BCS-Website-Headers-5-1.jpg\" \/>\n\t<meta property=\"og:image:width\" content=\"1920\" \/>\n\t<meta property=\"og:image:height\" content=\"1080\" \/>\n\t<meta property=\"og:image:type\" content=\"image\/jpeg\" \/>\n<meta name=\"twitter:card\" content=\"summary_large_image\" \/>\n<meta name=\"twitter:label1\" content=\"Gesch\u00e4tzte Lesezeit\" \/>\n\t<meta name=\"twitter:data1\" content=\"1\u00a0Minute\" \/>\n<script type=\"application\/ld+json\" class=\"yoast-schema-graph\">{\"@context\":\"https:\\\/\\\/schema.org\",\"@graph\":[{\"@type\":\"WebPage\",\"@id\":\"https:\\\/\\\/www.cranecamera.eu\\\/de\\\/sektoren\\\/bauwesen\\\/\",\"url\":\"https:\\\/\\\/www.cranecamera.eu\\\/de\\\/sektoren\\\/bauwesen\\\/\",\"name\":\"Bauwesen - BCS Cranecamera\",\"isPartOf\":{\"@id\":\"https:\\\/\\\/www.cranecamera.eu\\\/#website\"},\"primaryImageOfPage\":{\"@id\":\"https:\\\/\\\/www.cranecamera.eu\\\/de\\\/sektoren\\\/bauwesen\\\/#primaryimage\"},\"image\":{\"@id\":\"https:\\\/\\\/www.cranecamera.eu\\\/de\\\/sektoren\\\/bauwesen\\\/#primaryimage\"},\"thumbnailUrl\":\"https:\\\/\\\/www.cranecamera.eu\\\/wp-content\\\/uploads\\\/2024\\\/12\\\/BCS-Website-Headers-5-1.jpg\",\"datePublished\":\"2024-11-06T08:07:58+00:00\",\"dateModified\":\"2025-03-26T13:58:38+00:00\",\"breadcrumb\":{\"@id\":\"https:\\\/\\\/www.cranecamera.eu\\\/de\\\/sektoren\\\/bauwesen\\\/#breadcrumb\"},\"inLanguage\":\"de\",\"potentialAction\":[{\"@type\":\"ReadAction\",\"target\":[\"https:\\\/\\\/www.cranecamera.eu\\\/de\\\/sektoren\\\/bauwesen\\\/\"]}]},{\"@type\":\"ImageObject\",\"inLanguage\":\"de\",\"@id\":\"https:\\\/\\\/www.cranecamera.eu\\\/de\\\/sektoren\\\/bauwesen\\\/#primaryimage\",\"url\":\"https:\\\/\\\/www.cranecamera.eu\\\/wp-content\\\/uploads\\\/2024\\\/12\\\/BCS-Website-Headers-5-1.jpg\",\"contentUrl\":\"https:\\\/\\\/www.cranecamera.eu\\\/wp-content\\\/uploads\\\/2024\\\/12\\\/BCS-Website-Headers-5-1.jpg\",\"width\":1920,\"height\":1080},{\"@type\":\"BreadcrumbList\",\"@id\":\"https:\\\/\\\/www.cranecamera.eu\\\/de\\\/sektoren\\\/bauwesen\\\/#breadcrumb\",\"itemListElement\":[{\"@type\":\"ListItem\",\"position\":1,\"name\":\"Home\",\"item\":\"https:\\\/\\\/www.cranecamera.eu\\\/de\\\/\"},{\"@type\":\"ListItem\",\"position\":2,\"name\":\"Von Bau bis Industrie\",\"item\":\"https:\\\/\\\/www.cranecamera.eu\\\/de\\\/sektoren\\\/\"},{\"@type\":\"ListItem\",\"position\":3,\"name\":\"Bauwesen\"}]},{\"@type\":\"WebSite\",\"@id\":\"https:\\\/\\\/www.cranecamera.eu\\\/#website\",\"url\":\"https:\\\/\\\/www.cranecamera.eu\\\/\",\"name\":\"BCS Cranecamera\",\"description\":\"Elevating safety together\",\"potentialAction\":[{\"@type\":\"SearchAction\",\"target\":{\"@type\":\"EntryPoint\",\"urlTemplate\":\"https:\\\/\\\/www.cranecamera.eu\\\/?s={search_term_string}\"},\"query-input\":{\"@type\":\"PropertyValueSpecification\",\"valueRequired\":true,\"valueName\":\"search_term_string\"}}],\"inLanguage\":\"de\"}]}<\/script>\n<!-- \/ Yoast SEO plugin. -->","yoast_head_json":{"title":"Bauwesen - BCS Cranecamera","robots":{"index":"index","follow":"follow","max-snippet":"max-snippet:-1","max-image-preview":"max-image-preview:large","max-video-preview":"max-video-preview:-1"},"canonical":"https:\/\/www.cranecamera.eu\/de\/sektoren\/bauwesen\/","og_locale":"de_DE","og_type":"article","og_title":"Bauwesen - BCS Cranecamera","og_description":"KAMERASYSTEME F\u00dcR BAUKRANE BCS bietet vielseitige Kamerasysteme f\u00fcr nahezu jeden Baukrantyp \u2013 mit einzigartigen Funktionen wie einem motorisierten Kamerastabilisator oder [&hellip;]","og_url":"https:\/\/www.cranecamera.eu\/de\/sektoren\/bauwesen\/","og_site_name":"BCS Cranecamera","article_modified_time":"2025-03-26T13:58:38+00:00","og_image":[{"width":1920,"height":1080,"url":"https:\/\/www.cranecamera.eu\/wp-content\/uploads\/2024\/12\/BCS-Website-Headers-5-1.jpg","type":"image\/jpeg"}],"twitter_card":"summary_large_image","twitter_misc":{"Gesch\u00e4tzte Lesezeit":"1\u00a0Minute"},"schema":{"@context":"https:\/\/schema.org","@graph":[{"@type":"WebPage","@id":"https:\/\/www.cranecamera.eu\/de\/sektoren\/bauwesen\/","url":"https:\/\/www.cranecamera.eu\/de\/sektoren\/bauwesen\/","name":"Bauwesen - BCS Cranecamera","isPartOf":{"@id":"https:\/\/www.cranecamera.eu\/#website"},"primaryImageOfPage":{"@id":"https:\/\/www.cranecamera.eu\/de\/sektoren\/bauwesen\/#primaryimage"},"image":{"@id":"https:\/\/www.cranecamera.eu\/de\/sektoren\/bauwesen\/#primaryimage"},"thumbnailUrl":"https:\/\/www.cranecamera.eu\/wp-content\/uploads\/2024\/12\/BCS-Website-Headers-5-1.jpg","datePublished":"2024-11-06T08:07:58+00:00","dateModified":"2025-03-26T13:58:38+00:00","breadcrumb":{"@id":"https:\/\/www.cranecamera.eu\/de\/sektoren\/bauwesen\/#breadcrumb"},"inLanguage":"de","potentialAction":[{"@type":"ReadAction","target":["https:\/\/www.cranecamera.eu\/de\/sektoren\/bauwesen\/"]}]},{"@type":"ImageObject","inLanguage":"de","@id":"https:\/\/www.cranecamera.eu\/de\/sektoren\/bauwesen\/#primaryimage","url":"https:\/\/www.cranecamera.eu\/wp-content\/uploads\/2024\/12\/BCS-Website-Headers-5-1.jpg","contentUrl":"https:\/\/www.cranecamera.eu\/wp-content\/uploads\/2024\/12\/BCS-Website-Headers-5-1.jpg","width":1920,"height":1080},{"@type":"BreadcrumbList","@id":"https:\/\/www.cranecamera.eu\/de\/sektoren\/bauwesen\/#breadcrumb","itemListElement":[{"@type":"ListItem","position":1,"name":"Home","item":"https:\/\/www.cranecamera.eu\/de\/"},{"@type":"ListItem","position":2,"name":"Von Bau bis Industrie","item":"https:\/\/www.cranecamera.eu\/de\/sektoren\/"},{"@type":"ListItem","position":3,"name":"Bauwesen"}]},{"@type":"WebSite","@id":"https:\/\/www.cranecamera.eu\/#website","url":"https:\/\/www.cranecamera.eu\/","name":"BCS Cranecamera","description":"Elevating safety together","potentialAction":[{"@type":"SearchAction","target":{"@type":"EntryPoint","urlTemplate":"https:\/\/www.cranecamera.eu\/?s={search_term_string}"},"query-input":{"@type":"PropertyValueSpecification","valueRequired":true,"valueName":"search_term_string"}}],"inLanguage":"de"}]}},"_links":{"self":[{"href":"https:\/\/www.cranecamera.eu\/de\/wp-json\/wp\/v2\/pages\/1411","targetHints":{"allow":["GET"]}}],"collection":[{"href":"https:\/\/www.cranecamera.eu\/de\/wp-json\/wp\/v2\/pages"}],"about":[{"href":"https:\/\/www.cranecamera.eu\/de\/wp-json\/wp\/v2\/types\/page"}],"author":[{"embeddable":true,"href":"https:\/\/www.cranecamera.eu\/de\/wp-json\/wp\/v2\/users\/2"}],"replies":[{"embeddable":true,"href":"https:\/\/www.cranecamera.eu\/de\/wp-json\/wp\/v2\/comments?post=1411"}],"version-history":[{"count":2,"href":"https:\/\/www.cranecamera.eu\/de\/wp-json\/wp\/v2\/pages\/1411\/revisions"}],"predecessor-version":[{"id":1416,"href":"https:\/\/www.cranecamera.eu\/de\/wp-json\/wp\/v2\/pages\/1411\/revisions\/1416"}],"up":[{"embeddable":true,"href":"https:\/\/www.cranecamera.eu\/de\/wp-json\/wp\/v2\/pages\/1409"}],"wp:featuredmedia":[{"embeddable":true,"href":"https:\/\/www.cranecamera.eu\/de\/wp-json\/wp\/v2\/media\/773"}],"wp:attachment":[{"href":"https:\/\/www.cranecamera.eu\/de\/wp-json\/wp\/v2\/media?parent=1411"}],"curies":[{"name":"wp","href":"https:\/\/api.w.org\/{rel}","templated":true}]}}