{"id":1413,"date":"2024-11-06T08:08:47","date_gmt":"2024-11-06T07:08:47","guid":{"rendered":"https:\/\/cranecamera.eu\/?page_id=1413"},"modified":"2025-05-27T09:53:06","modified_gmt":"2025-05-27T08:53:06","slug":"industrie","status":"publish","type":"page","link":"https:\/\/www.cranecamera.eu\/de\/sektoren\/industrie\/","title":{"rendered":"Industrie"},"content":{"rendered":"\n<section class=\"section white\">\n    <div class=\"container\" data-aos=\"fade-up\" data-aos-duration=\"500\">\n        \n\n<div class=\"wp-block-columns is-layout-flex wp-container-core-columns-is-layout-9d6595d7 wp-block-columns-is-layout-flex\">\n<div class=\"wp-block-column is-layout-flow wp-block-column-is-layout-flow\" style=\"flex-basis:15%\"><\/div>\n\n\n\n<div class=\"wp-block-column is-layout-flow wp-block-column-is-layout-flow\" style=\"flex-basis:70%\">\n<p class=\"has-large-font-size\">Von der Abfallverwertung und Betonindustrie bis hin zum Maschinen- und Stahlbau \u2013 in der Industrie z\u00e4hlen Pr\u00e4zision, Prozesssicherheit und Arbeitsschutz. Eingeschr\u00e4nkte Sicht bei kritischen Arbeitsvorg\u00e4ngen kann jedoch zu Fehlern, Verz\u00f6gerungen und gef\u00e4hrlichen Situationen f\u00fchren.<\/p>\n\n\n\n<p>Aber stellen Sie sich Folgendes vor: ein Facharbeiter, der sicher, komfortabel und effizient arbeitet \u2013 ohne auf andere angewiesen zu sein. Ausgestattet mit einem zus\u00e4tzlichen Augenpaar f\u00fcr jederzeit klare Sicht, damit er seine Aufgaben mit voller Kontrolle und Vertrauen meistern kann.<\/p>\n\n\n\n<p><strong>BCS Cranecamera bietet genau dieses zus\u00e4tzliche Augenpaar.<\/strong><\/p>\n<\/div>\n\n\n\n<div class=\"wp-block-column is-layout-flow wp-block-column-is-layout-flow\" style=\"flex-basis:15%\"><\/div>\n<\/div>\n\n\n    <\/div>\n<\/section>\n\n\n<div class=\"wp-block-media-text is-stacked-on-mobile\"><figure class=\"wp-block-media-text__media\"><img loading=\"lazy\" decoding=\"async\" width=\"1024\" height=\"683\" src=\"https:\/\/cranecamera.eu\/wp-content\/uploads\/2025\/01\/BCS-Website-Inline-Images-Industrie-2-1-1024x683.jpg\" alt=\"\" class=\"wp-image-1052 size-full\" srcset=\"https:\/\/www.cranecamera.eu\/wp-content\/uploads\/2025\/01\/BCS-Website-Inline-Images-Industrie-2-1-1024x683.jpg 1024w, https:\/\/www.cranecamera.eu\/wp-content\/uploads\/2025\/01\/BCS-Website-Inline-Images-Industrie-2-1-300x200.jpg 300w, https:\/\/www.cranecamera.eu\/wp-content\/uploads\/2025\/01\/BCS-Website-Inline-Images-Industrie-2-1-768x512.jpg 768w, https:\/\/www.cranecamera.eu\/wp-content\/uploads\/2025\/01\/BCS-Website-Inline-Images-Industrie-2-1.jpg 1200w\" sizes=\"auto, (max-width: 1024px) 100vw, 1024px\" \/><\/figure><div class=\"wp-block-media-text__content\">\n<h2 class=\"wp-block-heading\">KAMERASYSTEME F\u00dcR INDUSTRIE-KRANE<\/h2>\n\n\n\n<p>BCS entwickelt Kamerasysteme f\u00fcr <a href=\"https:\/\/www.cranecamera.eu\/de\/krane\/brueckenkran\/\">Br\u00fcckenkrane <\/a>in industriellen Anwendungen. Mit optimaler Sicht auf Last und Umfeld erm\u00f6glichen sie ein sicheres und effektives Arbeiten \u2013 selbst unter h\u00e4rtesten Bedingungen.<\/p>\n\n\n\n<p>Dank ihres modularen Designs lassen sich Reparaturen und Upgrades schnell und kosteneffizient durchf\u00fchren. Zudem sind BCS-Kamerasysteme problemlos mit Systemen anderer Hersteller kompatibel.<\/p>\n<\/div><\/div>\n\n\n\n<div style=\"height:90px\" aria-hidden=\"true\" class=\"wp-block-spacer\"><\/div>\n","protected":false},"excerpt":{"rendered":"<p>KAMERASYSTEME F\u00dcR INDUSTRIE-KRANE BCS entwickelt Kamerasysteme f\u00fcr Br\u00fcckenkrane in industriellen Anwendungen. Mit optimaler Sicht auf Last und Umfeld erm\u00f6glichen sie [&hellip;]<\/p>\n","protected":false},"author":2,"featured_media":757,"parent":1409,"menu_order":0,"comment_status":"closed","ping_status":"closed","template":"","meta":{"_acf_changed":false,"inline_featured_image":false,"footnotes":""},"class_list":["post-1413","page","type-page","status-publish","has-post-thumbnail","hentry"],"acf":[],"yoast_head":"<!-- This site is optimized with the Yoast SEO plugin v27.5 - https:\/\/yoast.com\/product\/yoast-seo-wordpress\/ -->\n<title>Industrie - BCS Cranecamera<\/title>\n<meta name=\"robots\" content=\"index, follow, max-snippet:-1, max-image-preview:large, max-video-preview:-1\" \/>\n<link rel=\"canonical\" href=\"https:\/\/www.cranecamera.eu\/de\/sektoren\/industrie\/\" \/>\n<meta property=\"og:locale\" content=\"de_DE\" \/>\n<meta property=\"og:type\" content=\"article\" \/>\n<meta property=\"og:title\" content=\"Industrie - BCS Cranecamera\" \/>\n<meta property=\"og:description\" content=\"KAMERASYSTEME F\u00dcR INDUSTRIE-KRANE BCS entwickelt Kamerasysteme f\u00fcr Br\u00fcckenkrane in industriellen Anwendungen. Mit optimaler Sicht auf Last und Umfeld erm\u00f6glichen sie [&hellip;]\" \/>\n<meta property=\"og:url\" content=\"https:\/\/www.cranecamera.eu\/de\/sektoren\/industrie\/\" \/>\n<meta property=\"og:site_name\" content=\"BCS Cranecamera\" \/>\n<meta property=\"article:modified_time\" content=\"2025-05-27T08:53:06+00:00\" \/>\n<meta property=\"og:image\" content=\"https:\/\/www.cranecamera.eu\/wp-content\/uploads\/2024\/12\/BCS-Website-Inline-Images-Industrie-2.jpg\" \/>\n\t<meta property=\"og:image:width\" content=\"1200\" \/>\n\t<meta property=\"og:image:height\" content=\"800\" \/>\n\t<meta property=\"og:image:type\" content=\"image\/jpeg\" \/>\n<meta name=\"twitter:card\" content=\"summary_large_image\" \/>\n<meta name=\"twitter:label1\" content=\"Gesch\u00e4tzte Lesezeit\" \/>\n\t<meta name=\"twitter:data1\" content=\"1\u00a0Minute\" \/>\n<script type=\"application\/ld+json\" class=\"yoast-schema-graph\">{\"@context\":\"https:\\\/\\\/schema.org\",\"@graph\":[{\"@type\":\"WebPage\",\"@id\":\"https:\\\/\\\/www.cranecamera.eu\\\/de\\\/sektoren\\\/industrie\\\/\",\"url\":\"https:\\\/\\\/www.cranecamera.eu\\\/de\\\/sektoren\\\/industrie\\\/\",\"name\":\"Industrie - BCS Cranecamera\",\"isPartOf\":{\"@id\":\"https:\\\/\\\/www.cranecamera.eu\\\/#website\"},\"primaryImageOfPage\":{\"@id\":\"https:\\\/\\\/www.cranecamera.eu\\\/de\\\/sektoren\\\/industrie\\\/#primaryimage\"},\"image\":{\"@id\":\"https:\\\/\\\/www.cranecamera.eu\\\/de\\\/sektoren\\\/industrie\\\/#primaryimage\"},\"thumbnailUrl\":\"https:\\\/\\\/www.cranecamera.eu\\\/wp-content\\\/uploads\\\/2024\\\/12\\\/BCS-Website-Inline-Images-Industrie-2.jpg\",\"datePublished\":\"2024-11-06T07:08:47+00:00\",\"dateModified\":\"2025-05-27T08:53:06+00:00\",\"breadcrumb\":{\"@id\":\"https:\\\/\\\/www.cranecamera.eu\\\/de\\\/sektoren\\\/industrie\\\/#breadcrumb\"},\"inLanguage\":\"de\",\"potentialAction\":[{\"@type\":\"ReadAction\",\"target\":[\"https:\\\/\\\/www.cranecamera.eu\\\/de\\\/sektoren\\\/industrie\\\/\"]}]},{\"@type\":\"ImageObject\",\"inLanguage\":\"de\",\"@id\":\"https:\\\/\\\/www.cranecamera.eu\\\/de\\\/sektoren\\\/industrie\\\/#primaryimage\",\"url\":\"https:\\\/\\\/www.cranecamera.eu\\\/wp-content\\\/uploads\\\/2024\\\/12\\\/BCS-Website-Inline-Images-Industrie-2.jpg\",\"contentUrl\":\"https:\\\/\\\/www.cranecamera.eu\\\/wp-content\\\/uploads\\\/2024\\\/12\\\/BCS-Website-Inline-Images-Industrie-2.jpg\",\"width\":1200,\"height\":800},{\"@type\":\"BreadcrumbList\",\"@id\":\"https:\\\/\\\/www.cranecamera.eu\\\/de\\\/sektoren\\\/industrie\\\/#breadcrumb\",\"itemListElement\":[{\"@type\":\"ListItem\",\"position\":1,\"name\":\"Home\",\"item\":\"https:\\\/\\\/www.cranecamera.eu\\\/de\\\/\"},{\"@type\":\"ListItem\",\"position\":2,\"name\":\"Von Bau bis Industrie\",\"item\":\"https:\\\/\\\/www.cranecamera.eu\\\/de\\\/sektoren\\\/\"},{\"@type\":\"ListItem\",\"position\":3,\"name\":\"Industrie\"}]},{\"@type\":\"WebSite\",\"@id\":\"https:\\\/\\\/www.cranecamera.eu\\\/#website\",\"url\":\"https:\\\/\\\/www.cranecamera.eu\\\/\",\"name\":\"BCS Cranecamera\",\"description\":\"Elevating safety together\",\"potentialAction\":[{\"@type\":\"SearchAction\",\"target\":{\"@type\":\"EntryPoint\",\"urlTemplate\":\"https:\\\/\\\/www.cranecamera.eu\\\/?s={search_term_string}\"},\"query-input\":{\"@type\":\"PropertyValueSpecification\",\"valueRequired\":true,\"valueName\":\"search_term_string\"}}],\"inLanguage\":\"de\"}]}<\/script>\n<!-- \/ Yoast SEO plugin. -->","yoast_head_json":{"title":"Industrie - BCS Cranecamera","robots":{"index":"index","follow":"follow","max-snippet":"max-snippet:-1","max-image-preview":"max-image-preview:large","max-video-preview":"max-video-preview:-1"},"canonical":"https:\/\/www.cranecamera.eu\/de\/sektoren\/industrie\/","og_locale":"de_DE","og_type":"article","og_title":"Industrie - BCS Cranecamera","og_description":"KAMERASYSTEME F\u00dcR INDUSTRIE-KRANE BCS entwickelt Kamerasysteme f\u00fcr Br\u00fcckenkrane in industriellen Anwendungen. Mit optimaler Sicht auf Last und Umfeld erm\u00f6glichen sie [&hellip;]","og_url":"https:\/\/www.cranecamera.eu\/de\/sektoren\/industrie\/","og_site_name":"BCS Cranecamera","article_modified_time":"2025-05-27T08:53:06+00:00","og_image":[{"width":1200,"height":800,"url":"https:\/\/www.cranecamera.eu\/wp-content\/uploads\/2024\/12\/BCS-Website-Inline-Images-Industrie-2.jpg","type":"image\/jpeg"}],"twitter_card":"summary_large_image","twitter_misc":{"Gesch\u00e4tzte Lesezeit":"1\u00a0Minute"},"schema":{"@context":"https:\/\/schema.org","@graph":[{"@type":"WebPage","@id":"https:\/\/www.cranecamera.eu\/de\/sektoren\/industrie\/","url":"https:\/\/www.cranecamera.eu\/de\/sektoren\/industrie\/","name":"Industrie - BCS Cranecamera","isPartOf":{"@id":"https:\/\/www.cranecamera.eu\/#website"},"primaryImageOfPage":{"@id":"https:\/\/www.cranecamera.eu\/de\/sektoren\/industrie\/#primaryimage"},"image":{"@id":"https:\/\/www.cranecamera.eu\/de\/sektoren\/industrie\/#primaryimage"},"thumbnailUrl":"https:\/\/www.cranecamera.eu\/wp-content\/uploads\/2024\/12\/BCS-Website-Inline-Images-Industrie-2.jpg","datePublished":"2024-11-06T07:08:47+00:00","dateModified":"2025-05-27T08:53:06+00:00","breadcrumb":{"@id":"https:\/\/www.cranecamera.eu\/de\/sektoren\/industrie\/#breadcrumb"},"inLanguage":"de","potentialAction":[{"@type":"ReadAction","target":["https:\/\/www.cranecamera.eu\/de\/sektoren\/industrie\/"]}]},{"@type":"ImageObject","inLanguage":"de","@id":"https:\/\/www.cranecamera.eu\/de\/sektoren\/industrie\/#primaryimage","url":"https:\/\/www.cranecamera.eu\/wp-content\/uploads\/2024\/12\/BCS-Website-Inline-Images-Industrie-2.jpg","contentUrl":"https:\/\/www.cranecamera.eu\/wp-content\/uploads\/2024\/12\/BCS-Website-Inline-Images-Industrie-2.jpg","width":1200,"height":800},{"@type":"BreadcrumbList","@id":"https:\/\/www.cranecamera.eu\/de\/sektoren\/industrie\/#breadcrumb","itemListElement":[{"@type":"ListItem","position":1,"name":"Home","item":"https:\/\/www.cranecamera.eu\/de\/"},{"@type":"ListItem","position":2,"name":"Von Bau bis Industrie","item":"https:\/\/www.cranecamera.eu\/de\/sektoren\/"},{"@type":"ListItem","position":3,"name":"Industrie"}]},{"@type":"WebSite","@id":"https:\/\/www.cranecamera.eu\/#website","url":"https:\/\/www.cranecamera.eu\/","name":"BCS Cranecamera","description":"Elevating safety together","potentialAction":[{"@type":"SearchAction","target":{"@type":"EntryPoint","urlTemplate":"https:\/\/www.cranecamera.eu\/?s={search_term_string}"},"query-input":{"@type":"PropertyValueSpecification","valueRequired":true,"valueName":"search_term_string"}}],"inLanguage":"de"}]}},"_links":{"self":[{"href":"https:\/\/www.cranecamera.eu\/de\/wp-json\/wp\/v2\/pages\/1413","targetHints":{"allow":["GET"]}}],"collection":[{"href":"https:\/\/www.cranecamera.eu\/de\/wp-json\/wp\/v2\/pages"}],"about":[{"href":"https:\/\/www.cranecamera.eu\/de\/wp-json\/wp\/v2\/types\/page"}],"author":[{"embeddable":true,"href":"https:\/\/www.cranecamera.eu\/de\/wp-json\/wp\/v2\/users\/2"}],"replies":[{"embeddable":true,"href":"https:\/\/www.cranecamera.eu\/de\/wp-json\/wp\/v2\/comments?post=1413"}],"version-history":[{"count":4,"href":"https:\/\/www.cranecamera.eu\/de\/wp-json\/wp\/v2\/pages\/1413\/revisions"}],"predecessor-version":[{"id":1847,"href":"https:\/\/www.cranecamera.eu\/de\/wp-json\/wp\/v2\/pages\/1413\/revisions\/1847"}],"up":[{"embeddable":true,"href":"https:\/\/www.cranecamera.eu\/de\/wp-json\/wp\/v2\/pages\/1409"}],"wp:featuredmedia":[{"embeddable":true,"href":"https:\/\/www.cranecamera.eu\/de\/wp-json\/wp\/v2\/media\/757"}],"wp:attachment":[{"href":"https:\/\/www.cranecamera.eu\/de\/wp-json\/wp\/v2\/media?parent=1413"}],"curies":[{"name":"wp","href":"https:\/\/api.w.org\/{rel}","templated":true}]}}