{"id":1417,"date":"2024-11-06T08:08:22","date_gmt":"2024-11-06T07:08:22","guid":{"rendered":"https:\/\/cranecamera.eu\/?page_id=1417"},"modified":"2025-05-27T09:58:01","modified_gmt":"2025-05-27T08:58:01","slug":"umslag-und-logistik","status":"publish","type":"page","link":"https:\/\/www.cranecamera.eu\/de\/sektoren\/umslag-und-logistik\/","title":{"rendered":"Umslag und Logistik"},"content":{"rendered":"\n<section class=\"section white\">\n    <div class=\"container\" data-aos=\"fade-up\" data-aos-duration=\"500\">\n        \n\n<div class=\"wp-block-columns is-layout-flex wp-container-core-columns-is-layout-9d6595d7 wp-block-columns-is-layout-flex\">\n<div class=\"wp-block-column is-layout-flow wp-block-column-is-layout-flow\" style=\"flex-basis:15%\"><\/div>\n\n\n\n<div class=\"wp-block-column is-layout-flow wp-block-column-is-layout-flow\" style=\"flex-basis:70%\">\n<p class=\"has-large-font-size\">In H\u00e4fen und Terminals z\u00e4hlt jede Sekunde. Denn beim Bulk Handling geht es darum, Waren so schnell wie m\u00f6glich zu bewegen \u2013 ohne Verluste oder Besch\u00e4digungen. Eine klare Sicht auf die Last und die Umgebung ist dabei entscheidend.<\/p>\n\n\n\n<p>Stellen Sie sich vor: ein Facharbeiter, der sicher, komfortabel und effizient arbeitet \u2013 unabh\u00e4ngig von anderen. Ausgestattet mit einem zus\u00e4tzlichen Augenpaar f\u00fcr dauerhaft klare Sicht, damit er seine Aufgaben mit vollem Vertrauen meistern kann.<\/p>\n\n\n\n<p><strong>BCS Cranecamera bietet genau dieses zus\u00e4tzliche Augenpaar.<\/strong><\/p>\n<\/div>\n\n\n\n<div class=\"wp-block-column is-layout-flow wp-block-column-is-layout-flow\" style=\"flex-basis:15%\"><\/div>\n<\/div>\n\n\n    <\/div>\n<\/section>\n\n\n<div class=\"wp-block-media-text is-stacked-on-mobile\"><figure class=\"wp-block-media-text__media\"><img loading=\"lazy\" decoding=\"async\" width=\"1024\" height=\"683\" src=\"https:\/\/cranecamera.eu\/wp-content\/uploads\/2025\/01\/BCS-Website-Inline-Images-Op-Overslag-2-1024x683.jpg\" alt=\"\" class=\"wp-image-981 size-full\" srcset=\"https:\/\/www.cranecamera.eu\/wp-content\/uploads\/2025\/01\/BCS-Website-Inline-Images-Op-Overslag-2-1024x683.jpg 1024w, https:\/\/www.cranecamera.eu\/wp-content\/uploads\/2025\/01\/BCS-Website-Inline-Images-Op-Overslag-2-300x200.jpg 300w, https:\/\/www.cranecamera.eu\/wp-content\/uploads\/2025\/01\/BCS-Website-Inline-Images-Op-Overslag-2-768x512.jpg 768w, https:\/\/www.cranecamera.eu\/wp-content\/uploads\/2025\/01\/BCS-Website-Inline-Images-Op-Overslag-2.jpg 1200w\" sizes=\"auto, (max-width: 1024px) 100vw, 1024px\" \/><\/figure><div class=\"wp-block-media-text__content\">\n<h2 class=\"wp-block-heading\">Kamerasysteme f\u00fcr Hafenkrane<\/h2>\n\n\n\n<p>Unsere Kamerasysteme f\u00fcr <a href=\"https:\/\/www.cranecamera.eu\/de\/krane\/schuettgutkran\/\">Sch\u00fcttgutkrane<\/a> sind ein unverzichtbares Werkzeug, um Ausfallzeiten zu minimieren und die Sicherheit zu maximieren. So sorgen wir gemeinsam f\u00fcr reibungslose Prozesse \u2013 Tag f\u00fcr Tag.<\/p>\n\n\n\n<p>Das modulare Design erm\u00f6glicht schnelle und kosteneffiziente Reparaturen und Upgrades. Zudem lassen sich BCS-Kamerasysteme problemlos mit Systemen anderer Hersteller integrieren.<\/p>\n<\/div><\/div>\n\n\n\n<div style=\"height:90px\" aria-hidden=\"true\" class=\"wp-block-spacer\"><\/div>\n","protected":false},"excerpt":{"rendered":"<p>Kamerasysteme f\u00fcr Hafenkrane Unsere Kamerasysteme f\u00fcr Sch\u00fcttgutkrane sind ein unverzichtbares Werkzeug, um Ausfallzeiten zu minimieren und die Sicherheit zu maximieren. [&hellip;]<\/p>\n","protected":false},"author":2,"featured_media":751,"parent":1409,"menu_order":0,"comment_status":"closed","ping_status":"closed","template":"","meta":{"_acf_changed":false,"inline_featured_image":false,"footnotes":""},"class_list":["post-1417","page","type-page","status-publish","has-post-thumbnail","hentry"],"acf":[],"yoast_head":"<!-- This site is optimized with the Yoast SEO plugin v27.5 - https:\/\/yoast.com\/product\/yoast-seo-wordpress\/ -->\n<title>Umslag und Logistik - BCS Cranecamera<\/title>\n<meta name=\"robots\" content=\"index, follow, max-snippet:-1, max-image-preview:large, max-video-preview:-1\" \/>\n<link rel=\"canonical\" href=\"https:\/\/www.cranecamera.eu\/de\/sektoren\/umslag-und-logistik\/\" \/>\n<meta property=\"og:locale\" content=\"de_DE\" \/>\n<meta property=\"og:type\" content=\"article\" \/>\n<meta property=\"og:title\" content=\"Umslag und Logistik - BCS Cranecamera\" \/>\n<meta property=\"og:description\" content=\"Kamerasysteme f\u00fcr Hafenkrane Unsere Kamerasysteme f\u00fcr Sch\u00fcttgutkrane sind ein unverzichtbares Werkzeug, um Ausfallzeiten zu minimieren und die Sicherheit zu maximieren. [&hellip;]\" \/>\n<meta property=\"og:url\" content=\"https:\/\/www.cranecamera.eu\/de\/sektoren\/umslag-und-logistik\/\" \/>\n<meta property=\"og:site_name\" content=\"BCS Cranecamera\" \/>\n<meta property=\"article:modified_time\" content=\"2025-05-27T08:58:01+00:00\" \/>\n<meta property=\"og:image\" content=\"https:\/\/www.cranecamera.eu\/wp-content\/uploads\/2024\/12\/BCS-Website-Inline-Images-8-1.jpg\" \/>\n\t<meta property=\"og:image:width\" content=\"1200\" \/>\n\t<meta property=\"og:image:height\" content=\"800\" \/>\n\t<meta property=\"og:image:type\" content=\"image\/jpeg\" \/>\n<meta name=\"twitter:card\" content=\"summary_large_image\" \/>\n<meta name=\"twitter:label1\" content=\"Gesch\u00e4tzte Lesezeit\" \/>\n\t<meta name=\"twitter:data1\" content=\"1\u00a0Minute\" \/>\n<script type=\"application\/ld+json\" class=\"yoast-schema-graph\">{\"@context\":\"https:\\\/\\\/schema.org\",\"@graph\":[{\"@type\":\"WebPage\",\"@id\":\"https:\\\/\\\/www.cranecamera.eu\\\/de\\\/sektoren\\\/umslag-und-logistik\\\/\",\"url\":\"https:\\\/\\\/www.cranecamera.eu\\\/de\\\/sektoren\\\/umslag-und-logistik\\\/\",\"name\":\"Umslag und Logistik - BCS Cranecamera\",\"isPartOf\":{\"@id\":\"https:\\\/\\\/www.cranecamera.eu\\\/#website\"},\"primaryImageOfPage\":{\"@id\":\"https:\\\/\\\/www.cranecamera.eu\\\/de\\\/sektoren\\\/umslag-und-logistik\\\/#primaryimage\"},\"image\":{\"@id\":\"https:\\\/\\\/www.cranecamera.eu\\\/de\\\/sektoren\\\/umslag-und-logistik\\\/#primaryimage\"},\"thumbnailUrl\":\"https:\\\/\\\/www.cranecamera.eu\\\/wp-content\\\/uploads\\\/2024\\\/12\\\/BCS-Website-Inline-Images-8-1.jpg\",\"datePublished\":\"2024-11-06T07:08:22+00:00\",\"dateModified\":\"2025-05-27T08:58:01+00:00\",\"breadcrumb\":{\"@id\":\"https:\\\/\\\/www.cranecamera.eu\\\/de\\\/sektoren\\\/umslag-und-logistik\\\/#breadcrumb\"},\"inLanguage\":\"de\",\"potentialAction\":[{\"@type\":\"ReadAction\",\"target\":[\"https:\\\/\\\/www.cranecamera.eu\\\/de\\\/sektoren\\\/umslag-und-logistik\\\/\"]}]},{\"@type\":\"ImageObject\",\"inLanguage\":\"de\",\"@id\":\"https:\\\/\\\/www.cranecamera.eu\\\/de\\\/sektoren\\\/umslag-und-logistik\\\/#primaryimage\",\"url\":\"https:\\\/\\\/www.cranecamera.eu\\\/wp-content\\\/uploads\\\/2024\\\/12\\\/BCS-Website-Inline-Images-8-1.jpg\",\"contentUrl\":\"https:\\\/\\\/www.cranecamera.eu\\\/wp-content\\\/uploads\\\/2024\\\/12\\\/BCS-Website-Inline-Images-8-1.jpg\",\"width\":1200,\"height\":800},{\"@type\":\"BreadcrumbList\",\"@id\":\"https:\\\/\\\/www.cranecamera.eu\\\/de\\\/sektoren\\\/umslag-und-logistik\\\/#breadcrumb\",\"itemListElement\":[{\"@type\":\"ListItem\",\"position\":1,\"name\":\"Home\",\"item\":\"https:\\\/\\\/www.cranecamera.eu\\\/de\\\/\"},{\"@type\":\"ListItem\",\"position\":2,\"name\":\"Von Bau bis Industrie\",\"item\":\"https:\\\/\\\/www.cranecamera.eu\\\/de\\\/sektoren\\\/\"},{\"@type\":\"ListItem\",\"position\":3,\"name\":\"Umslag und Logistik\"}]},{\"@type\":\"WebSite\",\"@id\":\"https:\\\/\\\/www.cranecamera.eu\\\/#website\",\"url\":\"https:\\\/\\\/www.cranecamera.eu\\\/\",\"name\":\"BCS Cranecamera\",\"description\":\"Elevating safety together\",\"potentialAction\":[{\"@type\":\"SearchAction\",\"target\":{\"@type\":\"EntryPoint\",\"urlTemplate\":\"https:\\\/\\\/www.cranecamera.eu\\\/?s={search_term_string}\"},\"query-input\":{\"@type\":\"PropertyValueSpecification\",\"valueRequired\":true,\"valueName\":\"search_term_string\"}}],\"inLanguage\":\"de\"}]}<\/script>\n<!-- \/ Yoast SEO plugin. -->","yoast_head_json":{"title":"Umslag und Logistik - BCS Cranecamera","robots":{"index":"index","follow":"follow","max-snippet":"max-snippet:-1","max-image-preview":"max-image-preview:large","max-video-preview":"max-video-preview:-1"},"canonical":"https:\/\/www.cranecamera.eu\/de\/sektoren\/umslag-und-logistik\/","og_locale":"de_DE","og_type":"article","og_title":"Umslag und Logistik - BCS Cranecamera","og_description":"Kamerasysteme f\u00fcr Hafenkrane Unsere Kamerasysteme f\u00fcr Sch\u00fcttgutkrane sind ein unverzichtbares Werkzeug, um Ausfallzeiten zu minimieren und die Sicherheit zu maximieren. [&hellip;]","og_url":"https:\/\/www.cranecamera.eu\/de\/sektoren\/umslag-und-logistik\/","og_site_name":"BCS Cranecamera","article_modified_time":"2025-05-27T08:58:01+00:00","og_image":[{"width":1200,"height":800,"url":"https:\/\/www.cranecamera.eu\/wp-content\/uploads\/2024\/12\/BCS-Website-Inline-Images-8-1.jpg","type":"image\/jpeg"}],"twitter_card":"summary_large_image","twitter_misc":{"Gesch\u00e4tzte Lesezeit":"1\u00a0Minute"},"schema":{"@context":"https:\/\/schema.org","@graph":[{"@type":"WebPage","@id":"https:\/\/www.cranecamera.eu\/de\/sektoren\/umslag-und-logistik\/","url":"https:\/\/www.cranecamera.eu\/de\/sektoren\/umslag-und-logistik\/","name":"Umslag und Logistik - BCS Cranecamera","isPartOf":{"@id":"https:\/\/www.cranecamera.eu\/#website"},"primaryImageOfPage":{"@id":"https:\/\/www.cranecamera.eu\/de\/sektoren\/umslag-und-logistik\/#primaryimage"},"image":{"@id":"https:\/\/www.cranecamera.eu\/de\/sektoren\/umslag-und-logistik\/#primaryimage"},"thumbnailUrl":"https:\/\/www.cranecamera.eu\/wp-content\/uploads\/2024\/12\/BCS-Website-Inline-Images-8-1.jpg","datePublished":"2024-11-06T07:08:22+00:00","dateModified":"2025-05-27T08:58:01+00:00","breadcrumb":{"@id":"https:\/\/www.cranecamera.eu\/de\/sektoren\/umslag-und-logistik\/#breadcrumb"},"inLanguage":"de","potentialAction":[{"@type":"ReadAction","target":["https:\/\/www.cranecamera.eu\/de\/sektoren\/umslag-und-logistik\/"]}]},{"@type":"ImageObject","inLanguage":"de","@id":"https:\/\/www.cranecamera.eu\/de\/sektoren\/umslag-und-logistik\/#primaryimage","url":"https:\/\/www.cranecamera.eu\/wp-content\/uploads\/2024\/12\/BCS-Website-Inline-Images-8-1.jpg","contentUrl":"https:\/\/www.cranecamera.eu\/wp-content\/uploads\/2024\/12\/BCS-Website-Inline-Images-8-1.jpg","width":1200,"height":800},{"@type":"BreadcrumbList","@id":"https:\/\/www.cranecamera.eu\/de\/sektoren\/umslag-und-logistik\/#breadcrumb","itemListElement":[{"@type":"ListItem","position":1,"name":"Home","item":"https:\/\/www.cranecamera.eu\/de\/"},{"@type":"ListItem","position":2,"name":"Von Bau bis Industrie","item":"https:\/\/www.cranecamera.eu\/de\/sektoren\/"},{"@type":"ListItem","position":3,"name":"Umslag und Logistik"}]},{"@type":"WebSite","@id":"https:\/\/www.cranecamera.eu\/#website","url":"https:\/\/www.cranecamera.eu\/","name":"BCS Cranecamera","description":"Elevating safety together","potentialAction":[{"@type":"SearchAction","target":{"@type":"EntryPoint","urlTemplate":"https:\/\/www.cranecamera.eu\/?s={search_term_string}"},"query-input":{"@type":"PropertyValueSpecification","valueRequired":true,"valueName":"search_term_string"}}],"inLanguage":"de"}]}},"_links":{"self":[{"href":"https:\/\/www.cranecamera.eu\/de\/wp-json\/wp\/v2\/pages\/1417","targetHints":{"allow":["GET"]}}],"collection":[{"href":"https:\/\/www.cranecamera.eu\/de\/wp-json\/wp\/v2\/pages"}],"about":[{"href":"https:\/\/www.cranecamera.eu\/de\/wp-json\/wp\/v2\/types\/page"}],"author":[{"embeddable":true,"href":"https:\/\/www.cranecamera.eu\/de\/wp-json\/wp\/v2\/users\/2"}],"replies":[{"embeddable":true,"href":"https:\/\/www.cranecamera.eu\/de\/wp-json\/wp\/v2\/comments?post=1417"}],"version-history":[{"count":3,"href":"https:\/\/www.cranecamera.eu\/de\/wp-json\/wp\/v2\/pages\/1417\/revisions"}],"predecessor-version":[{"id":1849,"href":"https:\/\/www.cranecamera.eu\/de\/wp-json\/wp\/v2\/pages\/1417\/revisions\/1849"}],"up":[{"embeddable":true,"href":"https:\/\/www.cranecamera.eu\/de\/wp-json\/wp\/v2\/pages\/1409"}],"wp:featuredmedia":[{"embeddable":true,"href":"https:\/\/www.cranecamera.eu\/de\/wp-json\/wp\/v2\/media\/751"}],"wp:attachment":[{"href":"https:\/\/www.cranecamera.eu\/de\/wp-json\/wp\/v2\/media?parent=1417"}],"curies":[{"name":"wp","href":"https:\/\/api.w.org\/{rel}","templated":true}]}}