{"id":1419,"date":"2024-11-05T17:55:03","date_gmt":"2024-11-05T16:55:03","guid":{"rendered":"https:\/\/cranecamera.eu\/?page_id=1419"},"modified":"2025-05-27T10:42:49","modified_gmt":"2025-05-27T09:42:49","slug":"datenschutz","status":"publish","type":"page","link":"https:\/\/www.cranecamera.eu\/de\/datenschutz\/","title":{"rendered":"Datenschutz"},"content":{"rendered":"\n<h3 class=\"wp-block-heading\">Wer wir sind<\/h3>\n\n\n\n<p>Unsere Website-Adresse lautet: <a href=\"https:\/\/www.cranecamera.eu\/de\/\">https:\/\/www.cranecamera.eu\/<\/a><\/p>\n\n\n\n<h3 class=\"wp-block-heading\"><br>Kommentare<\/h3>\n\n\n\n<p>Wenn Besucher Kommentare auf der Website hinterlassen, erfassen wir die im Kommentarformular angezeigten Daten sowie die IP-Adresse des Besuchers und den User-Agent des Browsers, um Spam zu erkennen.<\/p>\n\n\n\n<p>Eine anonymisierte Zeichenfolge, die auf Basis Ihrer E-Mail-Adresse erstellt wurde (ein sogenannter Hash), kann an den BCS-Dienst \u00fcbermittelt werden, wenn Sie diesen nutzen. Die Datenschutzerkl\u00e4rung des BCS-Dienstes finden Sie hier: <a href=\"https:\/\/www.cranecamera.eu\/de\/datenschutz\/\">https:\/\/www.cranecamera.eu\/de\/datenschutz\/<\/a>. Nach Freigabe Ihres Kommentars ist Ihr Profilbild \u00f6ffentlich im Kontext Ihres Kommentars sichtbar.<\/p>\n\n\n\n<h3 class=\"wp-block-heading\"><br>Medien<\/h3>\n\n\n\n<p>Wenn Sie ein registrierter Benutzer sind und Bilder auf die Website hochladen, sollten Sie vermeiden, Bilder mit eingebetteten EXIF-GPS-Standortdaten hochzuladen. Besucher der Website k\u00f6nnen Bilder von der Seite herunterladen und Standortdaten extrahieren.<\/p>\n\n\n\n<h3 class=\"wp-block-heading\" id=\"jump-cookies\"><br>Cookies<\/h3>\n\n\n\n<p>Wenn Sie einen Kommentar auf unserer Website hinterlassen, k\u00f6nnen Sie w\u00e4hlen, ob Ihr Name, Ihre E-Mail-Adresse und Ihre Website in einem Cookie gespeichert werden d\u00fcrfen. Dies dient Ihrem Komfort, damit Sie diese Informationen nicht erneut eingeben m\u00fcssen. Diese Cookies sind ein Jahr lang g\u00fcltig.<\/p>\n\n\n\n<p>Wenn Sie unsere Login-Seite besuchen, wird ein tempor\u00e4rer Cookie gesetzt, um zu pr\u00fcfen, ob Ihr Browser Cookies akzeptiert. Dieser Cookie enth\u00e4lt keine personenbezogenen Daten und wird beim Schlie\u00dfen des Browsers gel\u00f6scht.<\/p>\n\n\n\n<p>Nach dem Einloggen speichern wir einige Cookies, um Ihre Anmeldeinformationen und Anzeigeeinstellungen zu speichern. Login-Cookies sind zwei Tage lang g\u00fcltig, Anzeigeoptionen-Cookies ein Jahr. Wenn Sie \u201eAngemeldet bleiben\u201c w\u00e4hlen, wird Ihre Anmeldung zwei Wochen lang gespeichert. Beim Abmelden werden die Login-Cookies gel\u00f6scht.<\/p>\n\n\n\n<p>Wenn Sie einen Beitrag bearbeiten oder ver\u00f6ffentlichen, wird ein zus\u00e4tzlicher Cookie in Ihrem Browser gespeichert. Dieser Cookie enth\u00e4lt keine personenbezogenen Daten und verweist lediglich auf die Beitrags-ID des bearbeiteten Artikels. Dieser Cookie verf\u00e4llt nach einem Tag.<\/p>\n\n\n\n<h3 class=\"wp-block-heading\"><br>Eingebettete Inhalte von anderen Websites<\/h3>\n\n\n\n<p>Beitr\u00e4ge auf dieser Website k\u00f6nnen eingebettete Inhalte enthalten (z.\u202fB. Videos, Bilder, Artikel etc.). Eingebettete Inhalte von anderen Websites verhalten sich genauso, als h\u00e4tte der Besucher die andere Website direkt besucht.<\/p>\n\n\n\n<p>Diese Websites k\u00f6nnen Daten \u00fcber Sie sammeln, Cookies einsetzen, zus\u00e4tzliche Tracking-Dienste von Dritten einbinden und Ihre Interaktion mit eingebetteten Inhalten \u00fcberwachen, insbesondere wenn Sie dort ein Konto haben und angemeldet sind.<\/p>\n\n\n\n<h3 class=\"wp-block-heading\"><br>Mit wem wir Ihre Daten teilen<\/h3>\n\n\n\n<p>Wenn Sie eine Zur\u00fccksetzung Ihres Passworts anfordern, wird Ihre IP-Adresse in die E-Mail zur Zur\u00fccksetzung aufgenommen.<\/p>\n\n\n\n<h3 class=\"wp-block-heading\"><br>Wie lange wir Ihre Daten speichern<\/h3>\n\n\n\n<p>Wenn Sie einen Kommentar hinterlassen, wird dieser Kommentar einschlie\u00dflich Metadaten unbegrenzt gespeichert. So k\u00f6nnen wir Folgekommentare automatisch erkennen und freigeben, anstatt sie manuell zu moderieren.<\/p>\n\n\n\n<p>F\u00fcr Benutzer, die sich auf unserer Website registrieren (falls zutreffend), speichern wir auch die pers\u00f6nlichen Informationen, die sie in ihrem Benutzerprofil angeben. Alle Benutzer k\u00f6nnen ihre pers\u00f6nlichen Daten jederzeit einsehen, bearbeiten oder l\u00f6schen (Benutzernamen ausgenommen). Website-Administratoren k\u00f6nnen diese Informationen ebenfalls einsehen und bearbeiten.<\/p>\n\n\n\n<h3 class=\"wp-block-heading\"><br>Welche Rechte Sie an Ihren Daten haben<\/h3>\n\n\n\n<p>Wenn Sie ein Konto auf dieser Website haben oder Kommentare hinterlassen haben, k\u00f6nnen Sie einen Export Ihrer personenbezogenen Daten anfordern, einschlie\u00dflich aller Daten, die Sie uns mitgeteilt haben. Sie k\u00f6nnen au\u00dferdem die L\u00f6schung s\u00e4mtlicher personenbezogener Daten beantragen, die wir von Ihnen gespeichert haben. Dies umfasst nicht die Daten, die wir aus administrativen, rechtlichen oder sicherheitsrelevanten Gr\u00fcnden aufbewahren m\u00fcssen.<\/p>\n\n\n\n<h3 class=\"wp-block-heading\"><br>Wohin Ihre Daten gesendet werden<\/h3>\n\n\n\n<p>Kommentare von Besuchern k\u00f6nnen durch einen automatisierten Spam-Erkennungsdienst \u00fcberpr\u00fcft werden.<\/p>\n\n\n\n<div style=\"height:100px\" aria-hidden=\"true\" class=\"wp-block-spacer\"><\/div>\n","protected":false},"excerpt":{"rendered":"<p>Wer wir sind Unsere Website-Adresse lautet: https:\/\/www.cranecamera.eu\/ Kommentare Wenn Besucher Kommentare auf der Website hinterlassen, erfassen wir die im Kommentarformular [&hellip;]<\/p>\n","protected":false},"author":2,"featured_media":0,"parent":0,"menu_order":0,"comment_status":"closed","ping_status":"open","template":"","meta":{"_acf_changed":false,"inline_featured_image":false,"footnotes":""},"class_list":["post-1419","page","type-page","status-publish","hentry"],"acf":[],"yoast_head":"<!-- This site is optimized with the Yoast SEO plugin v27.5 - https:\/\/yoast.com\/product\/yoast-seo-wordpress\/ -->\n<title>Datenschutz - BCS Cranecamera<\/title>\n<meta name=\"robots\" content=\"index, follow, max-snippet:-1, max-image-preview:large, max-video-preview:-1\" \/>\n<link rel=\"canonical\" href=\"https:\/\/www.cranecamera.eu\/de\/datenschutz\/\" \/>\n<meta property=\"og:locale\" content=\"de_DE\" \/>\n<meta property=\"og:type\" content=\"article\" \/>\n<meta property=\"og:title\" content=\"Datenschutz - BCS Cranecamera\" \/>\n<meta property=\"og:description\" content=\"Wer wir sind Unsere Website-Adresse lautet: https:\/\/www.cranecamera.eu\/ Kommentare Wenn Besucher Kommentare auf der Website hinterlassen, erfassen wir die im Kommentarformular [&hellip;]\" \/>\n<meta property=\"og:url\" content=\"https:\/\/www.cranecamera.eu\/de\/datenschutz\/\" \/>\n<meta property=\"og:site_name\" content=\"BCS Cranecamera\" \/>\n<meta property=\"article:modified_time\" content=\"2025-05-27T09:42:49+00:00\" \/>\n<meta name=\"twitter:card\" content=\"summary_large_image\" \/>\n<meta name=\"twitter:label1\" content=\"Gesch\u00e4tzte Lesezeit\" \/>\n\t<meta name=\"twitter:data1\" content=\"3\u00a0Minuten\" \/>\n<script type=\"application\/ld+json\" class=\"yoast-schema-graph\">{\"@context\":\"https:\\\/\\\/schema.org\",\"@graph\":[{\"@type\":\"WebPage\",\"@id\":\"https:\\\/\\\/www.cranecamera.eu\\\/de\\\/datenschutz\\\/\",\"url\":\"https:\\\/\\\/www.cranecamera.eu\\\/de\\\/datenschutz\\\/\",\"name\":\"Datenschutz - BCS Cranecamera\",\"isPartOf\":{\"@id\":\"https:\\\/\\\/www.cranecamera.eu\\\/#website\"},\"datePublished\":\"2024-11-05T16:55:03+00:00\",\"dateModified\":\"2025-05-27T09:42:49+00:00\",\"breadcrumb\":{\"@id\":\"https:\\\/\\\/www.cranecamera.eu\\\/de\\\/datenschutz\\\/#breadcrumb\"},\"inLanguage\":\"de\",\"potentialAction\":[{\"@type\":\"ReadAction\",\"target\":[\"https:\\\/\\\/www.cranecamera.eu\\\/de\\\/datenschutz\\\/\"]}]},{\"@type\":\"BreadcrumbList\",\"@id\":\"https:\\\/\\\/www.cranecamera.eu\\\/de\\\/datenschutz\\\/#breadcrumb\",\"itemListElement\":[{\"@type\":\"ListItem\",\"position\":1,\"name\":\"Home\",\"item\":\"https:\\\/\\\/www.cranecamera.eu\\\/de\\\/\"},{\"@type\":\"ListItem\",\"position\":2,\"name\":\"Datenschutz\"}]},{\"@type\":\"WebSite\",\"@id\":\"https:\\\/\\\/www.cranecamera.eu\\\/#website\",\"url\":\"https:\\\/\\\/www.cranecamera.eu\\\/\",\"name\":\"BCS Cranecamera\",\"description\":\"Elevating safety together\",\"potentialAction\":[{\"@type\":\"SearchAction\",\"target\":{\"@type\":\"EntryPoint\",\"urlTemplate\":\"https:\\\/\\\/www.cranecamera.eu\\\/?s={search_term_string}\"},\"query-input\":{\"@type\":\"PropertyValueSpecification\",\"valueRequired\":true,\"valueName\":\"search_term_string\"}}],\"inLanguage\":\"de\"}]}<\/script>\n<!-- \/ Yoast SEO plugin. -->","yoast_head_json":{"title":"Datenschutz - BCS Cranecamera","robots":{"index":"index","follow":"follow","max-snippet":"max-snippet:-1","max-image-preview":"max-image-preview:large","max-video-preview":"max-video-preview:-1"},"canonical":"https:\/\/www.cranecamera.eu\/de\/datenschutz\/","og_locale":"de_DE","og_type":"article","og_title":"Datenschutz - BCS Cranecamera","og_description":"Wer wir sind Unsere Website-Adresse lautet: https:\/\/www.cranecamera.eu\/ Kommentare Wenn Besucher Kommentare auf der Website hinterlassen, erfassen wir die im Kommentarformular [&hellip;]","og_url":"https:\/\/www.cranecamera.eu\/de\/datenschutz\/","og_site_name":"BCS Cranecamera","article_modified_time":"2025-05-27T09:42:49+00:00","twitter_card":"summary_large_image","twitter_misc":{"Gesch\u00e4tzte Lesezeit":"3\u00a0Minuten"},"schema":{"@context":"https:\/\/schema.org","@graph":[{"@type":"WebPage","@id":"https:\/\/www.cranecamera.eu\/de\/datenschutz\/","url":"https:\/\/www.cranecamera.eu\/de\/datenschutz\/","name":"Datenschutz - BCS Cranecamera","isPartOf":{"@id":"https:\/\/www.cranecamera.eu\/#website"},"datePublished":"2024-11-05T16:55:03+00:00","dateModified":"2025-05-27T09:42:49+00:00","breadcrumb":{"@id":"https:\/\/www.cranecamera.eu\/de\/datenschutz\/#breadcrumb"},"inLanguage":"de","potentialAction":[{"@type":"ReadAction","target":["https:\/\/www.cranecamera.eu\/de\/datenschutz\/"]}]},{"@type":"BreadcrumbList","@id":"https:\/\/www.cranecamera.eu\/de\/datenschutz\/#breadcrumb","itemListElement":[{"@type":"ListItem","position":1,"name":"Home","item":"https:\/\/www.cranecamera.eu\/de\/"},{"@type":"ListItem","position":2,"name":"Datenschutz"}]},{"@type":"WebSite","@id":"https:\/\/www.cranecamera.eu\/#website","url":"https:\/\/www.cranecamera.eu\/","name":"BCS Cranecamera","description":"Elevating safety together","potentialAction":[{"@type":"SearchAction","target":{"@type":"EntryPoint","urlTemplate":"https:\/\/www.cranecamera.eu\/?s={search_term_string}"},"query-input":{"@type":"PropertyValueSpecification","valueRequired":true,"valueName":"search_term_string"}}],"inLanguage":"de"}]}},"_links":{"self":[{"href":"https:\/\/www.cranecamera.eu\/de\/wp-json\/wp\/v2\/pages\/1419","targetHints":{"allow":["GET"]}}],"collection":[{"href":"https:\/\/www.cranecamera.eu\/de\/wp-json\/wp\/v2\/pages"}],"about":[{"href":"https:\/\/www.cranecamera.eu\/de\/wp-json\/wp\/v2\/types\/page"}],"author":[{"embeddable":true,"href":"https:\/\/www.cranecamera.eu\/de\/wp-json\/wp\/v2\/users\/2"}],"replies":[{"embeddable":true,"href":"https:\/\/www.cranecamera.eu\/de\/wp-json\/wp\/v2\/comments?post=1419"}],"version-history":[{"count":5,"href":"https:\/\/www.cranecamera.eu\/de\/wp-json\/wp\/v2\/pages\/1419\/revisions"}],"predecessor-version":[{"id":1863,"href":"https:\/\/www.cranecamera.eu\/de\/wp-json\/wp\/v2\/pages\/1419\/revisions\/1863"}],"wp:attachment":[{"href":"https:\/\/www.cranecamera.eu\/de\/wp-json\/wp\/v2\/media?parent=1419"}],"curies":[{"name":"wp","href":"https:\/\/api.w.org\/{rel}","templated":true}]}}