{"id":1425,"date":"2024-11-05T18:03:16","date_gmt":"2024-11-05T17:03:16","guid":{"rendered":"https:\/\/cranecamera.eu\/?page_id=1425"},"modified":"2026-04-23T14:30:47","modified_gmt":"2026-04-23T13:30:47","slug":"service-support","status":"publish","type":"page","link":"https:\/\/www.cranecamera.eu\/de\/service-support\/","title":{"rendered":"Wir sind f\u00fcr Sie da"},"content":{"rendered":"\n<section class=\"section white\">\n    <div class=\"container\" data-aos=\"fade-up\" data-aos-duration=\"500\">\n        \n\n<div class=\"wp-block-columns is-layout-flex wp-container-core-columns-is-layout-9d6595d7 wp-block-columns-is-layout-flex\">\n<div class=\"wp-block-column is-layout-flow wp-block-column-is-layout-flow\" style=\"flex-basis:15%\"><\/div>\n\n\n\n<div class=\"wp-block-column is-layout-flow wp-block-column-is-layout-flow\" style=\"flex-basis:70%\">\n<p class=\"has-large-font-size\">Mindestens ebenso wichtig wie die Qualit\u00e4t unserer Produkte ist f\u00fcr uns die Zuverl\u00e4ssigkeit unseres Service. Deshalb sind wir jederzeit und \u00fcberall f\u00fcr Sie da.<\/p>\n\n\n\n<p>Mit einer praxisorientierten Mentalit\u00e4t, kurzen Kommunikationswegen \u2013 und mit dem berechtigten Stolz, einen Beitrag zur sicheren Arbeitsumgebung Ihrer Mitarbeitenden leisten zu d\u00fcrfen.<\/p>\n<\/div>\n\n\n\n<div class=\"wp-block-column is-layout-flow wp-block-column-is-layout-flow\" style=\"flex-basis:15%\"><\/div>\n<\/div>\n\n\n    <\/div>\n<\/section>\n\n\n<div class=\"wp-block-media-text is-stacked-on-mobile\"><figure class=\"wp-block-media-text__media\"><img loading=\"lazy\" decoding=\"async\" width=\"1024\" height=\"683\" src=\"https:\/\/cranecamera.eu\/wp-content\/uploads\/2024\/12\/BCS-Website-Inline-Images-5-1024x683.jpg\" alt=\"\" class=\"wp-image-886 size-full\" srcset=\"https:\/\/www.cranecamera.eu\/wp-content\/uploads\/2024\/12\/BCS-Website-Inline-Images-5-1024x683.jpg 1024w, https:\/\/www.cranecamera.eu\/wp-content\/uploads\/2024\/12\/BCS-Website-Inline-Images-5-300x200.jpg 300w, https:\/\/www.cranecamera.eu\/wp-content\/uploads\/2024\/12\/BCS-Website-Inline-Images-5-768x512.jpg 768w, https:\/\/www.cranecamera.eu\/wp-content\/uploads\/2024\/12\/BCS-Website-Inline-Images-5.jpg 1200w\" sizes=\"auto, (max-width: 1024px) 100vw, 1024px\" \/><\/figure><div class=\"wp-block-media-text__content\">\n<h2 class=\"wp-block-heading\">RUND UM DIE UHR ERREICHBAR<\/h2>\n\n\n\n<p>Sind Sie in den Niederlanden aktiv? Dann \u00fcbernehmen unsere eigenen Spezialisten auf Wunsch die komplette Installation Ihres BCS-Kamerasystems.<\/p>\n\n\n\n<p>Und sollte sp\u00e4ter eine Frage auftauchen oder ein Problem auftreten: Unser <a href=\"https:\/\/wa.me\/0615956105\">Support-Team<\/a> ist rund um die Uhr erreichbar, um Ihnen schnell weiterzuhelfen. Wo m\u00f6glich, l\u00f6sen wir das Problem direkt per Fernzugriff. Wenn das nicht ausreicht, kommt ein BCS-Spezialist zu Ihnen, um alles schnellstm\u00f6glich wieder zum Laufen zu bringen.<br><br>Um Probleme selbst zu beheben, k\u00f6nnen Sie sich unsere Handb\u00fccher zur Fehlerbehebung in unserem <a href=\"http:\/\/www.cranecamera.eu\/de\/downloads\">Downloadbereich<\/a> ansehen.<\/p>\n<\/div><\/div>\n\n\n\n<div style=\"height:90px\" aria-hidden=\"true\" class=\"wp-block-spacer\"><\/div>\n\n\n\n<div class=\"wp-block-media-text has-media-on-the-right is-stacked-on-mobile\"><div class=\"wp-block-media-text__content\">\n<h2 class=\"wp-block-heading\">Reparaturen &amp; R\u00fccksendungen<\/h2>\n\n\n\n<p>Ben\u00f6tigt Ihre Kran-Kamera oder Ihr Zubeh\u00f6r eine Wartung, oder m\u00f6chten Sie ein defektes Produkt zur\u00fccksenden? Kein Problem \u2013 wir sorgen daf\u00fcr, dass Sie schnell wieder einsatzbereit sind. Melden Sie Ihre Reparatur oder R\u00fccksendung einfach \u00fcber unsere Seite Reparaturen &amp; R\u00fccksendungen an.<\/p>\n\n\n\n<div class=\"wp-block-buttons is-layout-flex wp-block-buttons-is-layout-flex\">\n<div class=\"wp-block-button\"><a class=\"wp-block-button__link wp-element-button\" href=\"https:\/\/www.cranecamera.eu\/de\/reparaturen-ruecksendungen\/\">R\u00fccksendung anmelden<\/a><\/div>\n<\/div>\n<\/div><figure class=\"wp-block-media-text__media\"><img loading=\"lazy\" decoding=\"async\" width=\"1024\" height=\"683\" src=\"https:\/\/www.cranecamera.eu\/wp-content\/uploads\/2024\/12\/BCS-Website-Inline-Images-9-1024x683.jpg\" alt=\"\" class=\"wp-image-879 size-full\" srcset=\"https:\/\/www.cranecamera.eu\/wp-content\/uploads\/2024\/12\/BCS-Website-Inline-Images-9-1024x683.jpg 1024w, https:\/\/www.cranecamera.eu\/wp-content\/uploads\/2024\/12\/BCS-Website-Inline-Images-9-300x200.jpg 300w, https:\/\/www.cranecamera.eu\/wp-content\/uploads\/2024\/12\/BCS-Website-Inline-Images-9-768x512.jpg 768w, https:\/\/www.cranecamera.eu\/wp-content\/uploads\/2024\/12\/BCS-Website-Inline-Images-9.jpg 1200w\" sizes=\"auto, (max-width: 1024px) 100vw, 1024px\" \/><\/figure><\/div>\n\n\n\n<div style=\"height:90px\" aria-hidden=\"true\" class=\"wp-block-spacer\"><\/div>\n\n\n\n<div class=\"wp-block-media-text is-stacked-on-mobile\"><figure class=\"wp-block-media-text__media\"><img loading=\"lazy\" decoding=\"async\" width=\"1024\" height=\"683\" src=\"https:\/\/cranecamera.eu\/wp-content\/uploads\/2024\/12\/BCS-Website-Inline-Images-10-1024x683.jpg\" alt=\"\" class=\"wp-image-889 size-full\" srcset=\"https:\/\/www.cranecamera.eu\/wp-content\/uploads\/2024\/12\/BCS-Website-Inline-Images-10-1024x683.jpg 1024w, https:\/\/www.cranecamera.eu\/wp-content\/uploads\/2024\/12\/BCS-Website-Inline-Images-10-300x200.jpg 300w, https:\/\/www.cranecamera.eu\/wp-content\/uploads\/2024\/12\/BCS-Website-Inline-Images-10-768x512.jpg 768w, https:\/\/www.cranecamera.eu\/wp-content\/uploads\/2024\/12\/BCS-Website-Inline-Images-10.jpg 1200w\" sizes=\"auto, (max-width: 1024px) 100vw, 1024px\" \/><\/figure><div class=\"wp-block-media-text__content\">\n<h2 class=\"wp-block-heading\">Netzwerk<\/h2>\n\n\n\n<p>Auch wenn Sie au\u00dferhalb der Niederlande t\u00e4tig sind, k\u00f6nnen Sie sich auf unseren Service verlassen. In L\u00e4ndern wie Belgien, D\u00e4nemark, Deutschland, Frankreich, Norwegen, Schweden und der Schweiz arbeiten wir mit einem starken Netzwerk erfahrener <a href=\"https:\/\/www.cranecamera.eu\/de\/netzwerk\/\">Servicepartner und Vertriebsh\u00e4ndler zusammen<\/a>.<\/p>\n\n\n\n<p>Diese Partner wurden sorgf\u00e4ltig ausgew\u00e4hlt, um Ihnen umfassende Unterst\u00fctzung zu bieten \u2013 von der Installation bis hin zu Wartung und Reparatur.<\/p>\n<\/div><\/div>\n\n\n\n<div style=\"height:120px\" aria-hidden=\"true\" class=\"wp-block-spacer\"><\/div>\n\n\n\n<section class=\"section section_contact_person\">\n    <div class=\"container\">\n        <div class=\"row\">\n            <div class=\"col-12 offset-0 col-xl-6 offset-xl-3\">\n                <span class=\"top\">Ihr BCS Service Ansprechpartner<\/span>\n                <h2>Whatsapp hotline f\u00fcr direkte Unterst\u00fctzung:<\/h2>\n            <\/div>\n            <div class=\"col-12 offset-0 col-xl-6 offset-xl-3\">\n                <div class=\"contact_person\">\n                    <div class=\"image_placeholder\" style=\"background-image: url(https:\/\/www.cranecamera.eu\/wp-content\/uploads\/2026\/03\/BCS-Contact-Edwin.jpg);\"><\/div>\n                    <div class=\"text_placeholder\">\n                        <span class=\"name\">Edwin van Hove<\/span>\n                        <span class=\"tel\"><a aria-label=\"call us\" href=\"tel:+31 6 159 561 05\">+31 6 159 561 05<\/a><\/span>\n                    <\/div>\n                <\/div>\n            <\/div>\n        <\/div>\n    <\/div>\n<\/section>","protected":false},"excerpt":{"rendered":"<p>RUND UM DIE UHR ERREICHBAR Sind Sie in den Niederlanden aktiv? Dann \u00fcbernehmen unsere eigenen Spezialisten auf Wunsch die komplette [&hellip;]<\/p>\n","protected":false},"author":2,"featured_media":780,"parent":0,"menu_order":0,"comment_status":"closed","ping_status":"closed","template":"","meta":{"_acf_changed":false,"inline_featured_image":false,"footnotes":""},"class_list":["post-1425","page","type-page","status-publish","has-post-thumbnail","hentry"],"acf":[],"yoast_head":"<!-- This site is optimized with the Yoast SEO plugin v27.5 - https:\/\/yoast.com\/product\/yoast-seo-wordpress\/ -->\n<title>Wir sind f\u00fcr Sie da - BCS Cranecamera<\/title>\n<meta name=\"robots\" content=\"index, follow, max-snippet:-1, max-image-preview:large, max-video-preview:-1\" \/>\n<link rel=\"canonical\" href=\"https:\/\/www.cranecamera.eu\/de\/service-support\/\" \/>\n<meta property=\"og:locale\" content=\"de_DE\" \/>\n<meta property=\"og:type\" content=\"article\" \/>\n<meta property=\"og:title\" content=\"Wir sind f\u00fcr Sie da - BCS Cranecamera\" \/>\n<meta property=\"og:description\" content=\"RUND UM DIE UHR ERREICHBAR Sind Sie in den Niederlanden aktiv? Dann \u00fcbernehmen unsere eigenen Spezialisten auf Wunsch die komplette [&hellip;]\" \/>\n<meta property=\"og:url\" content=\"https:\/\/www.cranecamera.eu\/de\/service-support\/\" \/>\n<meta property=\"og:site_name\" content=\"BCS Cranecamera\" \/>\n<meta property=\"article:modified_time\" content=\"2026-04-23T13:30:47+00:00\" \/>\n<meta property=\"og:image\" content=\"https:\/\/www.cranecamera.eu\/wp-content\/uploads\/2024\/12\/BCS-Website-Headers-Service-1.jpg\" \/>\n\t<meta property=\"og:image:width\" content=\"1920\" \/>\n\t<meta property=\"og:image:height\" content=\"1080\" \/>\n\t<meta property=\"og:image:type\" content=\"image\/jpeg\" \/>\n<meta name=\"twitter:card\" content=\"summary_large_image\" \/>\n<meta name=\"twitter:label1\" content=\"Gesch\u00e4tzte Lesezeit\" \/>\n\t<meta name=\"twitter:data1\" content=\"2\u00a0Minuten\" \/>\n<script type=\"application\/ld+json\" class=\"yoast-schema-graph\">{\"@context\":\"https:\\\/\\\/schema.org\",\"@graph\":[{\"@type\":\"WebPage\",\"@id\":\"https:\\\/\\\/www.cranecamera.eu\\\/de\\\/service-support\\\/\",\"url\":\"https:\\\/\\\/www.cranecamera.eu\\\/de\\\/service-support\\\/\",\"name\":\"Wir sind f\u00fcr Sie da - BCS Cranecamera\",\"isPartOf\":{\"@id\":\"https:\\\/\\\/www.cranecamera.eu\\\/#website\"},\"primaryImageOfPage\":{\"@id\":\"https:\\\/\\\/www.cranecamera.eu\\\/de\\\/service-support\\\/#primaryimage\"},\"image\":{\"@id\":\"https:\\\/\\\/www.cranecamera.eu\\\/de\\\/service-support\\\/#primaryimage\"},\"thumbnailUrl\":\"https:\\\/\\\/www.cranecamera.eu\\\/wp-content\\\/uploads\\\/2024\\\/12\\\/BCS-Website-Headers-Service-1.jpg\",\"datePublished\":\"2024-11-05T17:03:16+00:00\",\"dateModified\":\"2026-04-23T13:30:47+00:00\",\"breadcrumb\":{\"@id\":\"https:\\\/\\\/www.cranecamera.eu\\\/de\\\/service-support\\\/#breadcrumb\"},\"inLanguage\":\"de\",\"potentialAction\":[{\"@type\":\"ReadAction\",\"target\":[\"https:\\\/\\\/www.cranecamera.eu\\\/de\\\/service-support\\\/\"]}]},{\"@type\":\"ImageObject\",\"inLanguage\":\"de\",\"@id\":\"https:\\\/\\\/www.cranecamera.eu\\\/de\\\/service-support\\\/#primaryimage\",\"url\":\"https:\\\/\\\/www.cranecamera.eu\\\/wp-content\\\/uploads\\\/2024\\\/12\\\/BCS-Website-Headers-Service-1.jpg\",\"contentUrl\":\"https:\\\/\\\/www.cranecamera.eu\\\/wp-content\\\/uploads\\\/2024\\\/12\\\/BCS-Website-Headers-Service-1.jpg\",\"width\":1920,\"height\":1080},{\"@type\":\"BreadcrumbList\",\"@id\":\"https:\\\/\\\/www.cranecamera.eu\\\/de\\\/service-support\\\/#breadcrumb\",\"itemListElement\":[{\"@type\":\"ListItem\",\"position\":1,\"name\":\"Home\",\"item\":\"https:\\\/\\\/www.cranecamera.eu\\\/de\\\/\"},{\"@type\":\"ListItem\",\"position\":2,\"name\":\"Wir sind f\u00fcr Sie da\"}]},{\"@type\":\"WebSite\",\"@id\":\"https:\\\/\\\/www.cranecamera.eu\\\/#website\",\"url\":\"https:\\\/\\\/www.cranecamera.eu\\\/\",\"name\":\"BCS Cranecamera\",\"description\":\"Elevating safety together\",\"potentialAction\":[{\"@type\":\"SearchAction\",\"target\":{\"@type\":\"EntryPoint\",\"urlTemplate\":\"https:\\\/\\\/www.cranecamera.eu\\\/?s={search_term_string}\"},\"query-input\":{\"@type\":\"PropertyValueSpecification\",\"valueRequired\":true,\"valueName\":\"search_term_string\"}}],\"inLanguage\":\"de\"}]}<\/script>\n<!-- \/ Yoast SEO plugin. -->","yoast_head_json":{"title":"Wir sind f\u00fcr Sie da - BCS Cranecamera","robots":{"index":"index","follow":"follow","max-snippet":"max-snippet:-1","max-image-preview":"max-image-preview:large","max-video-preview":"max-video-preview:-1"},"canonical":"https:\/\/www.cranecamera.eu\/de\/service-support\/","og_locale":"de_DE","og_type":"article","og_title":"Wir sind f\u00fcr Sie da - BCS Cranecamera","og_description":"RUND UM DIE UHR ERREICHBAR Sind Sie in den Niederlanden aktiv? Dann \u00fcbernehmen unsere eigenen Spezialisten auf Wunsch die komplette [&hellip;]","og_url":"https:\/\/www.cranecamera.eu\/de\/service-support\/","og_site_name":"BCS Cranecamera","article_modified_time":"2026-04-23T13:30:47+00:00","og_image":[{"width":1920,"height":1080,"url":"https:\/\/www.cranecamera.eu\/wp-content\/uploads\/2024\/12\/BCS-Website-Headers-Service-1.jpg","type":"image\/jpeg"}],"twitter_card":"summary_large_image","twitter_misc":{"Gesch\u00e4tzte Lesezeit":"2\u00a0Minuten"},"schema":{"@context":"https:\/\/schema.org","@graph":[{"@type":"WebPage","@id":"https:\/\/www.cranecamera.eu\/de\/service-support\/","url":"https:\/\/www.cranecamera.eu\/de\/service-support\/","name":"Wir sind f\u00fcr Sie da - BCS Cranecamera","isPartOf":{"@id":"https:\/\/www.cranecamera.eu\/#website"},"primaryImageOfPage":{"@id":"https:\/\/www.cranecamera.eu\/de\/service-support\/#primaryimage"},"image":{"@id":"https:\/\/www.cranecamera.eu\/de\/service-support\/#primaryimage"},"thumbnailUrl":"https:\/\/www.cranecamera.eu\/wp-content\/uploads\/2024\/12\/BCS-Website-Headers-Service-1.jpg","datePublished":"2024-11-05T17:03:16+00:00","dateModified":"2026-04-23T13:30:47+00:00","breadcrumb":{"@id":"https:\/\/www.cranecamera.eu\/de\/service-support\/#breadcrumb"},"inLanguage":"de","potentialAction":[{"@type":"ReadAction","target":["https:\/\/www.cranecamera.eu\/de\/service-support\/"]}]},{"@type":"ImageObject","inLanguage":"de","@id":"https:\/\/www.cranecamera.eu\/de\/service-support\/#primaryimage","url":"https:\/\/www.cranecamera.eu\/wp-content\/uploads\/2024\/12\/BCS-Website-Headers-Service-1.jpg","contentUrl":"https:\/\/www.cranecamera.eu\/wp-content\/uploads\/2024\/12\/BCS-Website-Headers-Service-1.jpg","width":1920,"height":1080},{"@type":"BreadcrumbList","@id":"https:\/\/www.cranecamera.eu\/de\/service-support\/#breadcrumb","itemListElement":[{"@type":"ListItem","position":1,"name":"Home","item":"https:\/\/www.cranecamera.eu\/de\/"},{"@type":"ListItem","position":2,"name":"Wir sind f\u00fcr Sie da"}]},{"@type":"WebSite","@id":"https:\/\/www.cranecamera.eu\/#website","url":"https:\/\/www.cranecamera.eu\/","name":"BCS Cranecamera","description":"Elevating safety together","potentialAction":[{"@type":"SearchAction","target":{"@type":"EntryPoint","urlTemplate":"https:\/\/www.cranecamera.eu\/?s={search_term_string}"},"query-input":{"@type":"PropertyValueSpecification","valueRequired":true,"valueName":"search_term_string"}}],"inLanguage":"de"}]}},"_links":{"self":[{"href":"https:\/\/www.cranecamera.eu\/de\/wp-json\/wp\/v2\/pages\/1425","targetHints":{"allow":["GET"]}}],"collection":[{"href":"https:\/\/www.cranecamera.eu\/de\/wp-json\/wp\/v2\/pages"}],"about":[{"href":"https:\/\/www.cranecamera.eu\/de\/wp-json\/wp\/v2\/types\/page"}],"author":[{"embeddable":true,"href":"https:\/\/www.cranecamera.eu\/de\/wp-json\/wp\/v2\/users\/2"}],"replies":[{"embeddable":true,"href":"https:\/\/www.cranecamera.eu\/de\/wp-json\/wp\/v2\/comments?post=1425"}],"version-history":[{"count":18,"href":"https:\/\/www.cranecamera.eu\/de\/wp-json\/wp\/v2\/pages\/1425\/revisions"}],"predecessor-version":[{"id":2919,"href":"https:\/\/www.cranecamera.eu\/de\/wp-json\/wp\/v2\/pages\/1425\/revisions\/2919"}],"wp:featuredmedia":[{"embeddable":true,"href":"https:\/\/www.cranecamera.eu\/de\/wp-json\/wp\/v2\/media\/780"}],"wp:attachment":[{"href":"https:\/\/www.cranecamera.eu\/de\/wp-json\/wp\/v2\/media?parent=1425"}],"curies":[{"name":"wp","href":"https:\/\/api.w.org\/{rel}","templated":true}]}}