{"id":1269,"date":"2024-11-05T18:02:50","date_gmt":"2024-11-05T17:02:50","guid":{"rendered":"https:\/\/cranecamera.eu\/sectoren\/"},"modified":"2026-03-27T14:08:11","modified_gmt":"2026-03-27T13:08:11","slug":"sectoren","status":"publish","type":"page","link":"https:\/\/www.cranecamera.eu\/nl\/sectoren\/","title":{"rendered":"Van bouw tot industrie"},"content":{"rendered":"\n<section class=\"section white\">\n    <div class=\"container\" data-aos=\"fade-up\" data-aos-duration=\"500\">\n        \n\n<div class=\"wp-block-columns is-layout-flex wp-container-core-columns-is-layout-9d6595d7 wp-block-columns-is-layout-flex\">\n<div class=\"wp-block-column is-layout-flow wp-block-column-is-layout-flow\" style=\"flex-basis:15%\"><\/div>\n\n\n\n<div class=\"wp-block-column is-layout-flow wp-block-column-is-layout-flow\" style=\"flex-basis:70%\">\n<p class=\"has-large-font-size\">Van bouwprojecten tot op- en overslag in havens of industri\u00eble toepassingen: waar kranen onmisbaar zijn, maken BCS-camerasystemen h\u00e9t verschil in veiligheid en effici\u00ebntie.<\/p>\n\n\n\n<p>Sinds 2005 ontwikkelen we hijslast-camerasystemen voor <a href=\"https:\/\/cranecamera.eu\/nl\/kranen\/\">verschillende soorten kranen<\/a>. Deze systemen vinden hun weg naar bouwbedrijven, havens, binnenvaartterminals en industri\u00eble producenten, rechtstreeks of via onze <a href=\"https:\/\/cranecamera.eu\/nl\/netwerk\/\" data-type=\"page\" data-id=\"1237\">servicepartners en verkooppunten<\/a>.<\/p>\n\n\n\n<div style=\"height:20px\" aria-hidden=\"true\" class=\"wp-block-spacer\"><\/div>\n<\/div>\n\n\n\n<div class=\"wp-block-column is-layout-flow wp-block-column-is-layout-flow\" style=\"flex-basis:15%\"><\/div>\n<\/div>\n\n\n    <\/div>\n<\/section>\n\n\n<div class=\"wp-block-media-text is-stacked-on-mobile\"><figure class=\"wp-block-media-text__media\"><img loading=\"lazy\" decoding=\"async\" width=\"1024\" height=\"683\" src=\"https:\/\/cranecamera.eu\/wp-content\/uploads\/2024\/12\/BCS-Website-Inline-Images-Bouw-2-1024x683.jpg\" alt=\"\" class=\"wp-image-762 size-full\" srcset=\"https:\/\/www.cranecamera.eu\/wp-content\/uploads\/2024\/12\/BCS-Website-Inline-Images-Bouw-2-1024x683.jpg 1024w, https:\/\/www.cranecamera.eu\/wp-content\/uploads\/2024\/12\/BCS-Website-Inline-Images-Bouw-2-300x200.jpg 300w, https:\/\/www.cranecamera.eu\/wp-content\/uploads\/2024\/12\/BCS-Website-Inline-Images-Bouw-2-768x512.jpg 768w, https:\/\/www.cranecamera.eu\/wp-content\/uploads\/2024\/12\/BCS-Website-Inline-Images-Bouw-2.jpg 1200w\" sizes=\"auto, (max-width: 1024px) 100vw, 1024px\" \/><\/figure><div class=\"wp-block-media-text__content\">\n<h2 class=\"wp-block-heading\">Bouw<\/h2>\n\n\n\n<p>Grootschalige kantoorgebouwen, luxe woningen, bruggen of andere infrastructuur: het gaat altijd om projecten die op tijd, binnen budget en zonder risico&#8217;s moeten worden uitgevoerd. Toch leidt beperkt zicht nog vaak tot gevaarlijke situaties, vertragingen en onnodige kosten. <\/p>\n\n\n\n<p>BCS biedt een breed scala aan camerasystemen, geschikt voor vrijwel elk <a href=\"https:\/\/cranecamera.eu\/nl\/kranen\/\">type bouwkraan<\/a>, zodat kraanmachinisten niet alleen veiliger, maar ook effici\u00ebnter kunnen werken.<\/p>\n<\/div><\/div>\n\n\n\n<div style=\"height:100px\" aria-hidden=\"true\" class=\"wp-block-spacer\"><\/div>\n\n\n\n<div class=\"wp-block-media-text has-media-on-the-right is-stacked-on-mobile\"><div class=\"wp-block-media-text__content\">\n<h2 class=\"wp-block-heading\">Op- en overslag<\/h2>\n\n\n\n<p>In havens en terminals telt elke seconde. Bulk Handling draait immers om het zo snel mogelijk verplaatsen van goederen, zonder verlies of schade. Helder zicht op de hijslast en omgeving is daarbij cruciaal.  <\/p>\n\n\n\n<p>Onze camerasystemen voor <a href=\"https:\/\/cranecamera.eu\/nl\/kranen\/bulkhandling-kraan\/\">bulkhandling kranen<\/a> zijn een onmisbaar hulpmiddel om stilstand te voorkomen en veiligheid te garanderen. Zo zorgen we samen voor effici\u00ebnte processen, elke dag opnieuw.<\/p>\n<\/div><figure class=\"wp-block-media-text__media\"><img loading=\"lazy\" decoding=\"async\" width=\"1024\" height=\"683\" src=\"https:\/\/cranecamera.eu\/wp-content\/uploads\/2024\/12\/BCS-Website-Inline-Images-8-1-1024x683.jpg\" alt=\"\" class=\"wp-image-749 size-full\" srcset=\"https:\/\/www.cranecamera.eu\/wp-content\/uploads\/2024\/12\/BCS-Website-Inline-Images-8-1-1024x683.jpg 1024w, https:\/\/www.cranecamera.eu\/wp-content\/uploads\/2024\/12\/BCS-Website-Inline-Images-8-1-300x200.jpg 300w, https:\/\/www.cranecamera.eu\/wp-content\/uploads\/2024\/12\/BCS-Website-Inline-Images-8-1-768x512.jpg 768w, https:\/\/www.cranecamera.eu\/wp-content\/uploads\/2024\/12\/BCS-Website-Inline-Images-8-1.jpg 1200w\" sizes=\"auto, (max-width: 1024px) 100vw, 1024px\" \/><\/figure><\/div>\n\n\n\n<div style=\"height:100px\" aria-hidden=\"true\" class=\"wp-block-spacer\"><\/div>\n\n\n\n<div class=\"wp-block-media-text is-stacked-on-mobile\"><figure class=\"wp-block-media-text__media\"><img loading=\"lazy\" decoding=\"async\" width=\"1024\" height=\"683\" src=\"https:\/\/cranecamera.eu\/wp-content\/uploads\/2024\/12\/BCS-Website-Inline-Images-Industrie-2-1024x683.jpg\" alt=\"\" class=\"wp-image-757 size-full\" srcset=\"https:\/\/www.cranecamera.eu\/wp-content\/uploads\/2024\/12\/BCS-Website-Inline-Images-Industrie-2-1024x683.jpg 1024w, https:\/\/www.cranecamera.eu\/wp-content\/uploads\/2024\/12\/BCS-Website-Inline-Images-Industrie-2-300x200.jpg 300w, https:\/\/www.cranecamera.eu\/wp-content\/uploads\/2024\/12\/BCS-Website-Inline-Images-Industrie-2-768x512.jpg 768w, https:\/\/www.cranecamera.eu\/wp-content\/uploads\/2024\/12\/BCS-Website-Inline-Images-Industrie-2.jpg 1200w\" sizes=\"auto, (max-width: 1024px) 100vw, 1024px\" \/><\/figure><div class=\"wp-block-media-text__content\">\n<h2 class=\"wp-block-heading\">Industrie<\/h2>\n\n\n\n<p>Van afvalverwerking en betonindustrie tot machine- en staalbouw: in de industrie staan precisie, continu\u00efteit en veiligheid centraal. Beperkt zicht op kritieke handelingen kan echter leiden tot fouten, vertragingen en gevaarlijke situaties. <\/p>\n\n\n\n<p>BCS maakt camerasystemen op maat voor industri\u00eble <a href=\"https:\/\/cranecamera.eu\/nl\/kranen\/bovenloopkraan\/\">bovenloopkranen<\/a>. Met optimaal zicht op de hijslast en omgeving werken uw werknemers effectief \u00e9n veilig, zelfs in de meest uitdagende omgevingen.<\/p>\n<\/div><\/div>\n\n\n\n<div style=\"height:71px\" aria-hidden=\"true\" class=\"wp-block-spacer\"><\/div>\n\n\n\n<section class=\"section section_contact_person\">\n    <div class=\"container\">\n        <div class=\"row\">\n            <div class=\"col-12 offset-0 col-xl-6 offset-xl-3\">\n                <span class=\"top\">Uw BCS verkoop specialist<\/span>\n                <h2>Waar kan ik u mee helpen?<\/h2>\n            <\/div>\n            <div class=\"col-12 offset-0 col-xl-6 offset-xl-3\">\n                <div class=\"contact_person\">\n                    <div class=\"image_placeholder\" style=\"background-image: url(https:\/\/www.cranecamera.eu\/wp-content\/uploads\/2026\/03\/BCS-Contact-Hugo-Schoenmaker.png);\"><\/div>\n                    <div class=\"text_placeholder\">\n                        <span class=\"name\">Hugo Schoenmaker<\/span>\n                        <span class=\"tel\"><a aria-label=\"call us\" href=\"tel:+31 (0)33 202 3019\">+31 (0)33 202 3019<\/a><\/span>\n                    <\/div>\n                <\/div>\n            <\/div>\n        <\/div>\n    <\/div>\n<\/section>","protected":false},"excerpt":{"rendered":"<p>Bouw Grootschalige kantoorgebouwen, luxe woningen, bruggen of andere infrastructuur: het gaat altijd om projecten die op tijd, binnen budget en [&hellip;]<\/p>\n","protected":false},"author":1,"featured_media":770,"parent":0,"menu_order":0,"comment_status":"closed","ping_status":"closed","template":"","meta":{"_acf_changed":false,"inline_featured_image":false,"footnotes":""},"class_list":["post-1269","page","type-page","status-publish","has-post-thumbnail","hentry"],"acf":[],"yoast_head":"<!-- This site is optimized with the Yoast SEO plugin v27.5 - https:\/\/yoast.com\/product\/yoast-seo-wordpress\/ -->\n<title>Van bouw tot industrie - BCS Cranecamera<\/title>\n<meta name=\"robots\" content=\"index, follow, max-snippet:-1, max-image-preview:large, max-video-preview:-1\" \/>\n<link rel=\"canonical\" href=\"https:\/\/www.cranecamera.eu\/nl\/sectoren\/\" \/>\n<meta property=\"og:locale\" content=\"nl_NL\" \/>\n<meta property=\"og:type\" content=\"article\" \/>\n<meta property=\"og:title\" content=\"Van bouw tot industrie - BCS Cranecamera\" \/>\n<meta property=\"og:description\" content=\"Bouw Grootschalige kantoorgebouwen, luxe woningen, bruggen of andere infrastructuur: het gaat altijd om projecten die op tijd, binnen budget en [&hellip;]\" \/>\n<meta property=\"og:url\" content=\"https:\/\/www.cranecamera.eu\/nl\/sectoren\/\" \/>\n<meta property=\"og:site_name\" content=\"BCS Cranecamera\" \/>\n<meta property=\"article:modified_time\" content=\"2026-03-27T13:08:11+00:00\" \/>\n<meta property=\"og:image\" content=\"https:\/\/www.cranecamera.eu\/wp-content\/uploads\/2024\/12\/BCS-Website-Headers-8-3.jpg\" \/>\n\t<meta property=\"og:image:width\" content=\"1920\" \/>\n\t<meta property=\"og:image:height\" content=\"1080\" \/>\n\t<meta property=\"og:image:type\" content=\"image\/jpeg\" \/>\n<meta name=\"twitter:card\" content=\"summary_large_image\" \/>\n<meta name=\"twitter:label1\" content=\"Geschatte leestijd\" \/>\n\t<meta name=\"twitter:data1\" content=\"2 minuten\" \/>\n<script type=\"application\/ld+json\" class=\"yoast-schema-graph\">{\"@context\":\"https:\\\/\\\/schema.org\",\"@graph\":[{\"@type\":\"WebPage\",\"@id\":\"https:\\\/\\\/www.cranecamera.eu\\\/nl\\\/sectoren\\\/\",\"url\":\"https:\\\/\\\/www.cranecamera.eu\\\/nl\\\/sectoren\\\/\",\"name\":\"Van bouw tot industrie - BCS Cranecamera\",\"isPartOf\":{\"@id\":\"https:\\\/\\\/www.cranecamera.eu\\\/#website\"},\"primaryImageOfPage\":{\"@id\":\"https:\\\/\\\/www.cranecamera.eu\\\/nl\\\/sectoren\\\/#primaryimage\"},\"image\":{\"@id\":\"https:\\\/\\\/www.cranecamera.eu\\\/nl\\\/sectoren\\\/#primaryimage\"},\"thumbnailUrl\":\"https:\\\/\\\/www.cranecamera.eu\\\/wp-content\\\/uploads\\\/2024\\\/12\\\/BCS-Website-Headers-8-3.jpg\",\"datePublished\":\"2024-11-05T17:02:50+00:00\",\"dateModified\":\"2026-03-27T13:08:11+00:00\",\"breadcrumb\":{\"@id\":\"https:\\\/\\\/www.cranecamera.eu\\\/nl\\\/sectoren\\\/#breadcrumb\"},\"inLanguage\":\"nl-NL\",\"potentialAction\":[{\"@type\":\"ReadAction\",\"target\":[\"https:\\\/\\\/www.cranecamera.eu\\\/nl\\\/sectoren\\\/\"]}]},{\"@type\":\"ImageObject\",\"inLanguage\":\"nl-NL\",\"@id\":\"https:\\\/\\\/www.cranecamera.eu\\\/nl\\\/sectoren\\\/#primaryimage\",\"url\":\"https:\\\/\\\/www.cranecamera.eu\\\/wp-content\\\/uploads\\\/2024\\\/12\\\/BCS-Website-Headers-8-3.jpg\",\"contentUrl\":\"https:\\\/\\\/www.cranecamera.eu\\\/wp-content\\\/uploads\\\/2024\\\/12\\\/BCS-Website-Headers-8-3.jpg\",\"width\":1920,\"height\":1080},{\"@type\":\"BreadcrumbList\",\"@id\":\"https:\\\/\\\/www.cranecamera.eu\\\/nl\\\/sectoren\\\/#breadcrumb\",\"itemListElement\":[{\"@type\":\"ListItem\",\"position\":1,\"name\":\"Home\",\"item\":\"https:\\\/\\\/www.cranecamera.eu\\\/nl\\\/\"},{\"@type\":\"ListItem\",\"position\":2,\"name\":\"Van bouw tot industrie\"}]},{\"@type\":\"WebSite\",\"@id\":\"https:\\\/\\\/www.cranecamera.eu\\\/#website\",\"url\":\"https:\\\/\\\/www.cranecamera.eu\\\/\",\"name\":\"BCS Cranecamera\",\"description\":\"Elevating safety together\",\"potentialAction\":[{\"@type\":\"SearchAction\",\"target\":{\"@type\":\"EntryPoint\",\"urlTemplate\":\"https:\\\/\\\/www.cranecamera.eu\\\/?s={search_term_string}\"},\"query-input\":{\"@type\":\"PropertyValueSpecification\",\"valueRequired\":true,\"valueName\":\"search_term_string\"}}],\"inLanguage\":\"nl-NL\"}]}<\/script>\n<!-- \/ Yoast SEO plugin. -->","yoast_head_json":{"title":"Van bouw tot industrie - BCS Cranecamera","robots":{"index":"index","follow":"follow","max-snippet":"max-snippet:-1","max-image-preview":"max-image-preview:large","max-video-preview":"max-video-preview:-1"},"canonical":"https:\/\/www.cranecamera.eu\/nl\/sectoren\/","og_locale":"nl_NL","og_type":"article","og_title":"Van bouw tot industrie - BCS Cranecamera","og_description":"Bouw Grootschalige kantoorgebouwen, luxe woningen, bruggen of andere infrastructuur: het gaat altijd om projecten die op tijd, binnen budget en [&hellip;]","og_url":"https:\/\/www.cranecamera.eu\/nl\/sectoren\/","og_site_name":"BCS Cranecamera","article_modified_time":"2026-03-27T13:08:11+00:00","og_image":[{"width":1920,"height":1080,"url":"https:\/\/www.cranecamera.eu\/wp-content\/uploads\/2024\/12\/BCS-Website-Headers-8-3.jpg","type":"image\/jpeg"}],"twitter_card":"summary_large_image","twitter_misc":{"Geschatte leestijd":"2 minuten"},"schema":{"@context":"https:\/\/schema.org","@graph":[{"@type":"WebPage","@id":"https:\/\/www.cranecamera.eu\/nl\/sectoren\/","url":"https:\/\/www.cranecamera.eu\/nl\/sectoren\/","name":"Van bouw tot industrie - BCS Cranecamera","isPartOf":{"@id":"https:\/\/www.cranecamera.eu\/#website"},"primaryImageOfPage":{"@id":"https:\/\/www.cranecamera.eu\/nl\/sectoren\/#primaryimage"},"image":{"@id":"https:\/\/www.cranecamera.eu\/nl\/sectoren\/#primaryimage"},"thumbnailUrl":"https:\/\/www.cranecamera.eu\/wp-content\/uploads\/2024\/12\/BCS-Website-Headers-8-3.jpg","datePublished":"2024-11-05T17:02:50+00:00","dateModified":"2026-03-27T13:08:11+00:00","breadcrumb":{"@id":"https:\/\/www.cranecamera.eu\/nl\/sectoren\/#breadcrumb"},"inLanguage":"nl-NL","potentialAction":[{"@type":"ReadAction","target":["https:\/\/www.cranecamera.eu\/nl\/sectoren\/"]}]},{"@type":"ImageObject","inLanguage":"nl-NL","@id":"https:\/\/www.cranecamera.eu\/nl\/sectoren\/#primaryimage","url":"https:\/\/www.cranecamera.eu\/wp-content\/uploads\/2024\/12\/BCS-Website-Headers-8-3.jpg","contentUrl":"https:\/\/www.cranecamera.eu\/wp-content\/uploads\/2024\/12\/BCS-Website-Headers-8-3.jpg","width":1920,"height":1080},{"@type":"BreadcrumbList","@id":"https:\/\/www.cranecamera.eu\/nl\/sectoren\/#breadcrumb","itemListElement":[{"@type":"ListItem","position":1,"name":"Home","item":"https:\/\/www.cranecamera.eu\/nl\/"},{"@type":"ListItem","position":2,"name":"Van bouw tot industrie"}]},{"@type":"WebSite","@id":"https:\/\/www.cranecamera.eu\/#website","url":"https:\/\/www.cranecamera.eu\/","name":"BCS Cranecamera","description":"Elevating safety together","potentialAction":[{"@type":"SearchAction","target":{"@type":"EntryPoint","urlTemplate":"https:\/\/www.cranecamera.eu\/?s={search_term_string}"},"query-input":{"@type":"PropertyValueSpecification","valueRequired":true,"valueName":"search_term_string"}}],"inLanguage":"nl-NL"}]}},"_links":{"self":[{"href":"https:\/\/www.cranecamera.eu\/nl\/wp-json\/wp\/v2\/pages\/1269","targetHints":{"allow":["GET"]}}],"collection":[{"href":"https:\/\/www.cranecamera.eu\/nl\/wp-json\/wp\/v2\/pages"}],"about":[{"href":"https:\/\/www.cranecamera.eu\/nl\/wp-json\/wp\/v2\/types\/page"}],"author":[{"embeddable":true,"href":"https:\/\/www.cranecamera.eu\/nl\/wp-json\/wp\/v2\/users\/1"}],"replies":[{"embeddable":true,"href":"https:\/\/www.cranecamera.eu\/nl\/wp-json\/wp\/v2\/comments?post=1269"}],"version-history":[{"count":15,"href":"https:\/\/www.cranecamera.eu\/nl\/wp-json\/wp\/v2\/pages\/1269\/revisions"}],"predecessor-version":[{"id":2848,"href":"https:\/\/www.cranecamera.eu\/nl\/wp-json\/wp\/v2\/pages\/1269\/revisions\/2848"}],"wp:featuredmedia":[{"embeddable":true,"href":"https:\/\/www.cranecamera.eu\/nl\/wp-json\/wp\/v2\/media\/770"}],"wp:attachment":[{"href":"https:\/\/www.cranecamera.eu\/nl\/wp-json\/wp\/v2\/media?parent=1269"}],"curies":[{"name":"wp","href":"https:\/\/api.w.org\/{rel}","templated":true}]}}